{"id":18,"date":"2023-03-19T10:20:33","date_gmt":"2023-03-19T10:20:33","guid":{"rendered":"http:\/\/193.194.89.174\/wp_lggip\/?page_id=18"},"modified":"2023-03-19T10:23:47","modified_gmt":"2023-03-19T10:23:47","slug":"presentation-du-laboratoire","status":"publish","type":"page","link":"https:\/\/lggip.usthb.dz\/index.php\/presentation-du-laboratoire\/","title":{"rendered":"Pr\u00e9sentation du laboratoire"},"content":{"rendered":"\n<p>Le laboratoire vise \u00e0 une \u00e9tude multi-m\u00e9thodologique (analyse structurale, analyses d\u2019\u00e9l\u00e9ments en traces et terres rares dans les roches et min\u00e9raux s\u00e9par\u00e9s, microsonde pour l\u2019analyse des min\u00e9raux et microscope \u00e9lectronique pour le traitement d\u2019images) dans le cadre d\u2019\u00e9tudes th\u00e9matiques (Cartographie, g\u00e9otechnique, m\u00e9tamorphisme , m\u00e9tallog\u00e9nie, g\u00e9ochimie , g\u00e9ochronologie) dans le socle cristallin du Hoggar, des Eglab, de la plateforme saharienne et dans le tellien. Cette \u00e9tude permettrait de d\u00e9terminer les \u00e9poques et les m\u00e9canismes de cr\u00e9ation, de diff\u00e9renciation et les trajectoires pression temp\u00e9rature de la cro\u00fbte durant les orog\u00e9n\u00e8ses arch\u00e9ennes, \u00e9burn\u00e9ennes panafricaines et alpines et de faire un inventaire des ressources min\u00e9rales (Or, terres rares, U, Th , Nb, Ta, diamant) et des pierres semi-pr\u00e9cieuses. Par ailleurs l\u2019\u00e9tude des m\u00e9t\u00e9orites et des crat\u00e8res m\u00e9t\u00e9oritiques ainsi que l\u2019\u00e9tude la limte cr\u00e9tac\u00e9-tertiaire en Alg\u00e9rie.<\/p>\n","protected":false},"excerpt":{"rendered":"<p>Le laboratoire vise \u00e0 une \u00e9tude multi-m\u00e9thodologique (analyse structurale, analyses d\u2019\u00e9l\u00e9ments en traces et terres rares dans les roches et min\u00e9raux s\u00e9par\u00e9s, microsonde pour l\u2019analyse des min\u00e9raux et microscope \u00e9lectronique pour le traitement d\u2019images) dans le cadre d\u2019\u00e9tudes th\u00e9matiques (Cartographie, <span class=\"readmore\"><a href=\"https:\/\/lggip.usthb.dz\/index.php\/presentation-du-laboratoire\/\">Continue Reading<\/a><\/span><\/p>\n","protected":false},"author":1,"featured_media":0,"parent":0,"menu_order":0,"comment_status":"closed","ping_status":"closed","template":"","meta":{"footnotes":""},"class_list":["post-18","page","type-page","status-publish","hentry"],"_links":{"self":[{"href":"https:\/\/lggip.usthb.dz\/index.php\/wp-json\/wp\/v2\/pages\/18","targetHints":{"allow":["GET"]}}],"collection":[{"href":"https:\/\/lggip.usthb.dz\/index.php\/wp-json\/wp\/v2\/pages"}],"about":[{"href":"https:\/\/lggip.usthb.dz\/index.php\/wp-json\/wp\/v2\/types\/page"}],"author":[{"embeddable":true,"href":"https:\/\/lggip.usthb.dz\/index.php\/wp-json\/wp\/v2\/users\/1"}],"replies":[{"embeddable":true,"href":"https:\/\/lggip.usthb.dz\/index.php\/wp-json\/wp\/v2\/comments?post=18"}],"version-history":[{"count":2,"href":"https:\/\/lggip.usthb.dz\/index.php\/wp-json\/wp\/v2\/pages\/18\/revisions"}],"predecessor-version":[{"id":21,"href":"https:\/\/lggip.usthb.dz\/index.php\/wp-json\/wp\/v2\/pages\/18\/revisions\/21"}],"wp:attachment":[{"href":"https:\/\/lggip.usthb.dz\/index.php\/wp-json\/wp\/v2\/media?parent=18"}],"curies":[{"name":"wp","href":"https:\/\/api.w.org\/{rel}","templated":true}]}}