{"id":202,"date":"2024-02-25T17:06:21","date_gmt":"2024-02-25T17:06:21","guid":{"rendered":"http:\/\/193.194.89.193\/wp_lggip\/?page_id=202"},"modified":"2024-05-08T11:30:00","modified_gmt":"2024-05-08T11:30:00","slug":"accueil","status":"publish","type":"page","link":"https:\/\/lggip.usthb.dz\/","title":{"rendered":"Accueil"},"content":{"rendered":"\n<p>ID<strong>ENTIFICATION<\/strong><\/p>\n\n\n\n<figure class=\"wp-block-table has-small-font-size\"><table><tbody><tr><td><strong>Nom<\/strong><\/td><td>Laboratoire de G\u00e9odynamique, G\u00e9ologie de l\u2019Ing\u00e9nieur et Plan\u00e9tologie<\/td><\/tr><tr><td><strong>Acronyme<\/strong><\/td><td>LGGIP<\/td><\/tr><tr><td><strong>Mots cl\u00e9s\u00a0<\/strong><\/td><td><\/td><\/tr><tr><td><strong>Facult\u00e9<\/strong><\/td><td>Facult\u00e9 des Sciences de la Terre, de la G\u00e9ographie et&nbsp; de l\u2019Am\u00e9nagement du Territoire (FSTGAT)<\/td><\/tr><tr><td><strong>D\u00e9partement<\/strong><\/td><td>G\u00e9ologie<\/td><\/tr><tr><td><strong>\u00c9tablissement<\/strong><\/td><td>Universit\u00e9 des Sciences et de la Technologie Houari&nbsp; Boumediene (USTHB)<\/td><\/tr><tr><td><strong>Localisation physique<\/strong><\/td><td>FSTGAT \u2013 USTHB<\/td><\/tr><\/tbody><\/table><\/figure>\n\n\n\n<p><strong>AXES DE RECHERCHE<\/strong><\/p>\n\n\n\n<p><\/p>\n\n\n\n<p><strong>DOMAINES D\u2019INTERVENTION<\/strong><\/p>\n\n\n\n<p><\/p>\n","protected":false},"excerpt":{"rendered":"<p>IDENTIFICATION Nom Laboratoire de G\u00e9odynamique, G\u00e9ologie de l\u2019Ing\u00e9nieur et Plan\u00e9tologie Acronyme LGGIP Mots cl\u00e9s\u00a0 Facult\u00e9 Facult\u00e9 des Sciences de la Terre, de la G\u00e9ographie et&nbsp; de l\u2019Am\u00e9nagement du Territoire (FSTGAT) D\u00e9partement G\u00e9ologie \u00c9tablissement Universit\u00e9 des Sciences et de la Technologie <span class=\"readmore\"><a href=\"https:\/\/lggip.usthb.dz\/\">Continue Reading<\/a><\/span><\/p>\n","protected":false},"author":1,"featured_media":0,"parent":0,"menu_order":0,"comment_status":"closed","ping_status":"closed","template":"","meta":{"footnotes":""},"class_list":["post-202","page","type-page","status-publish","hentry"],"_links":{"self":[{"href":"https:\/\/lggip.usthb.dz\/index.php\/wp-json\/wp\/v2\/pages\/202","targetHints":{"allow":["GET"]}}],"collection":[{"href":"https:\/\/lggip.usthb.dz\/index.php\/wp-json\/wp\/v2\/pages"}],"about":[{"href":"https:\/\/lggip.usthb.dz\/index.php\/wp-json\/wp\/v2\/types\/page"}],"author":[{"embeddable":true,"href":"https:\/\/lggip.usthb.dz\/index.php\/wp-json\/wp\/v2\/users\/1"}],"replies":[{"embeddable":true,"href":"https:\/\/lggip.usthb.dz\/index.php\/wp-json\/wp\/v2\/comments?post=202"}],"version-history":[{"count":7,"href":"https:\/\/lggip.usthb.dz\/index.php\/wp-json\/wp\/v2\/pages\/202\/revisions"}],"predecessor-version":[{"id":350,"href":"https:\/\/lggip.usthb.dz\/index.php\/wp-json\/wp\/v2\/pages\/202\/revisions\/350"}],"wp:attachment":[{"href":"https:\/\/lggip.usthb.dz\/index.php\/wp-json\/wp\/v2\/media?parent=202"}],"curies":[{"name":"wp","href":"https:\/\/api.w.org\/{rel}","templated":true}]}}