{"id":324,"date":"2024-05-06T19:18:42","date_gmt":"2024-05-06T19:18:42","guid":{"rendered":"https:\/\/lggip.usthb.dz\/?page_id=324"},"modified":"2024-05-06T19:23:26","modified_gmt":"2024-05-06T19:23:26","slug":"manifestations-scientifiques","status":"publish","type":"page","link":"https:\/\/lggip.usthb.dz\/index.php\/manifestations-scientifiques\/","title":{"rendered":"Manifestations scientifiques"},"content":{"rendered":"\n<p><a href=\"https:\/\/lggip.usthb.dz\/index.php\/congres\/\" data-type=\"page\" data-id=\"328\">Congr<em>\u00e8<\/em>s<\/a><\/p>\n\n\n\n<p><a href=\"https:\/\/lggip.usthb.dz\/index.php\/seminaires\/\" data-type=\"page\" data-id=\"326\">S\u00e9minaires<\/a><\/p>\n\n\n\n<p><a href=\"https:\/\/lggip.usthb.dz\/index.php\/conferences\/\" data-type=\"page\" data-id=\"333\">Conf\u00e9rences<\/a><\/p>\n","protected":false},"excerpt":{"rendered":"<p>Congr\u00e8s S\u00e9minaires Conf\u00e9rences<\/p>\n","protected":false},"author":1,"featured_media":0,"parent":0,"menu_order":0,"comment_status":"closed","ping_status":"closed","template":"","meta":{"footnotes":""},"class_list":["post-324","page","type-page","status-publish","hentry"],"_links":{"self":[{"href":"https:\/\/lggip.usthb.dz\/index.php\/wp-json\/wp\/v2\/pages\/324","targetHints":{"allow":["GET"]}}],"collection":[{"href":"https:\/\/lggip.usthb.dz\/index.php\/wp-json\/wp\/v2\/pages"}],"about":[{"href":"https:\/\/lggip.usthb.dz\/index.php\/wp-json\/wp\/v2\/types\/page"}],"author":[{"embeddable":true,"href":"https:\/\/lggip.usthb.dz\/index.php\/wp-json\/wp\/v2\/users\/1"}],"replies":[{"embeddable":true,"href":"https:\/\/lggip.usthb.dz\/index.php\/wp-json\/wp\/v2\/comments?post=324"}],"version-history":[{"count":2,"href":"https:\/\/lggip.usthb.dz\/index.php\/wp-json\/wp\/v2\/pages\/324\/revisions"}],"predecessor-version":[{"id":335,"href":"https:\/\/lggip.usthb.dz\/index.php\/wp-json\/wp\/v2\/pages\/324\/revisions\/335"}],"wp:attachment":[{"href":"https:\/\/lggip.usthb.dz\/index.php\/wp-json\/wp\/v2\/media?parent=324"}],"curies":[{"name":"wp","href":"https:\/\/api.w.org\/{rel}","templated":true}]}}