{"id":43,"date":"2023-03-20T09:27:17","date_gmt":"2023-03-20T09:27:17","guid":{"rendered":"http:\/\/193.194.89.174\/wp_lggip\/?page_id=43"},"modified":"2024-03-13T08:53:34","modified_gmt":"2024-03-13T08:53:34","slug":"dynamique-de-la-lithosphere","status":"publish","type":"page","link":"https:\/\/lggip.usthb.dz\/index.php\/dynamique-de-la-lithosphere\/","title":{"rendered":"Dynamique de la lithosph\u00e8re"},"content":{"rendered":"\n<h3 class=\"wp-block-heading\">Axes de recherche<\/h3>\n\n\n\n<p>L\u2019objectif principal de l\u2019\u00e9quipe est de d\u00e9gager les sp\u00e9cificit\u00e9s de la p\u00e9riode la plus ancienne de l\u2019accr\u00e9tion des continents (&gt; 1Ga), les massifs pr\u00e9cambriens du Yetti et des Eglab, partie occidentale de la Dorsale r\u00e9guibat (Craton ouest africain) compar\u00e9s au m\u00f4le In Ouzzal, (Hoggar occidental) ont \u00e9t\u00e9 retenus pour pr\u00e9ciser les modalit\u00e9s de la formation des premiers continents.<br>Le comportement rh\u00e9ologique d\u2019une lithosph\u00e8re continentale ancienne \u00e9tant d\u00e9termin\u00e9 par le r\u00e9gime thermique exceptionnellement \u00e9l\u00e9v\u00e9, la production de chaleur \u00e9tant deux ou trois fois plus importante qu\u2019actuellement, les d\u00e9formations continentales, indicateurs de l\u2019\u00e9tat thermique et m\u00e9canique de la lithosph\u00e8re, seront examin\u00e9es en tenant compte de cette sp\u00e9cificit\u00e9 (pr\u00e9dominance des forces de volume par accr\u00e9tion verticale sur les forces de surface par accr\u00e9tion lat\u00e9rale). L\u2019histoire thermique arch\u00e9enne, \u00e0 l\u2019origine de ph\u00e9nom\u00e8nes d\u2019accr\u00e9tion crustale de magmas juv\u00e9niles (Komatiites et granito\u00efdes) et d\u2019\u00e9v\u00e9nements tectono-m\u00e9tamorphiques qui accompagnent leur mise en place, ne permettent pas de raisonner \u00e0 volume constant, comme pour la p\u00e9riode actuelle. Ainsi, les modalit\u00e9s de la tectonique arch\u00e9enne (tectonique des plaques&nbsp;?) restent d\u00e9battues. En effet, c\u2019est \u00e0 partir du Prot\u00e9rozo\u00efque sup\u00e9rieur que les continents acqui\u00e8rent des volumes et superficies assez importants pour permettre les m\u00e9canismes de la tectonique des plaques.<br>Une attention particuli\u00e8re sera \u00e9galement port\u00e9e aux cisaillements d\u2019\u00e9chelle lithosph\u00e9rique, pour leur r\u00f4le de drain du flux thermique et ses cons\u00e9quences sur la production et les transferts de mati\u00e8re.<br>Les migrations de mati\u00e8re associ\u00e9es \u00e0 la fusion crustale et \u00e0 la mobilisation et la concentration des substances utiles (formation de gisements) d\u00e9pendent \u00e9galement de la nature des fluides (H2O, CO2&#8230;)<br>Le r\u00f4le de ces cisaillements d\u2019\u00e9chelle lithosph\u00e9rique sera \u00eatre examin\u00e9 au cours de l\u2019\u00e9volution d e la cha\u00eene panafricaine (800-600 Ma) qui structure le Hoggar en zone mobile, guid\u00e9e par de grands d\u00e9crochements sub-m\u00e9ridiens A cet effet, deux zones de cisaillement seront cibl\u00e9es (Zone de Cisaillement Ouest Ouzzalien (ZCWO) et Axe 4\u00b050-Amguid El Abiod).<br>Ces derniers sont \u00e0 l\u2019origine de la juxtaposition de domaines structuraux d\u2019\u00e2ges diff\u00e9rents, arch\u00e9ens et \u00e9burn\u00e9ens (m\u00f4le In Ouzzal) et\/ou prot\u00e9rozo\u00efques sup\u00e9rieurs (terranes).<br>Ces grands accidents lithosph\u00e9riques et leurs r\u00e9seaux annexes, vont d\u00e9terminer les caract\u00e9ristiques de toute l\u2019histoire panafricaine et post-panafricaine, en guidant la mise en place des ph\u00e9nom\u00e8nes magmatiques, mais aussi la localisation, la morphologie des bassins pharusiens, pal\u00e9ozo\u00efques et m\u00e9so-c\u00e9nozo\u00cfques sahariens, et en contr\u00f4lant leur s\u00e9dimentation.<\/p>\n\n\n\n<h3 class=\"wp-block-heading\">MEMBRES<\/h3>\n\n\n\n<p><strong>Chef d\u2019\u00e9quipe&nbsp;:<\/strong>&nbsp;Prof.<\/p>\n\n\n\n<figure class=\"wp-block-table\"><table><tbody><tr><td>Nom<\/td><td>Pr\u00e9nom<\/td><td>Grade<\/td><td>Structure d\u2019origine<\/td><\/tr><tr><td>MAHDJOUB<\/td><td>Yamina<\/td><td>Pr.<\/td><td>FSTGAT\/USTHB<\/td><\/tr><tr><td>KAHOUI<\/td><td>Mohamed<\/td><td>Pr.<\/td><td>FSTGAT\/USTHB<\/td><\/tr><tr><td>AMRI<\/td><td>Kamel<\/td><td>MCB<\/td><td>FSTGAT\/USTHB<\/td><\/tr><tr><td>FETTOUS<\/td><td>El Hocine<\/td><td>MAA<\/td><td>FSTGAT\/USTHB<\/td><\/tr><tr><td>NEMOUR<\/td><td>Dalila<\/td><td>MAB<\/td><td>FSTGAT\/USTHB<\/td><\/tr><tr><td>DENOUN<\/td><td>Abderahmane<\/td><td>MA<\/td><td>FSTGAT\/USTHB<\/td><\/tr><tr><td>NEMMOUR<\/td><td>Dalila<\/td><td>CC<\/td><td>FSTGAT\/USTHB<\/td><\/tr><tr><td>LOUNIS<\/td><td>Rachid<\/td><td>MAB<\/td><td>Univ. Tizi-Ouzou<\/td><\/tr><tr><td>GUERGOUR<\/td><td>Lazhar<\/td><td>Ing\u00e9nieur<\/td><td>COMENA-Draria<\/td><\/tr><\/tbody><\/table><\/figure>\n","protected":false},"excerpt":{"rendered":"<p>Axes de recherche L\u2019objectif principal de l\u2019\u00e9quipe est de d\u00e9gager les sp\u00e9cificit\u00e9s de la p\u00e9riode la plus ancienne de l\u2019accr\u00e9tion des continents (&gt; 1Ga), les massifs pr\u00e9cambriens du Yetti et des Eglab, partie occidentale de la Dorsale r\u00e9guibat (Craton ouest <span class=\"readmore\"><a href=\"https:\/\/lggip.usthb.dz\/index.php\/dynamique-de-la-lithosphere\/\">Continue Reading<\/a><\/span><\/p>\n","protected":false},"author":1,"featured_media":109,"parent":0,"menu_order":0,"comment_status":"closed","ping_status":"closed","template":"","meta":{"footnotes":""},"class_list":["post-43","page","type-page","status-publish","has-post-thumbnail","hentry"],"_links":{"self":[{"href":"https:\/\/lggip.usthb.dz\/index.php\/wp-json\/wp\/v2\/pages\/43","targetHints":{"allow":["GET"]}}],"collection":[{"href":"https:\/\/lggip.usthb.dz\/index.php\/wp-json\/wp\/v2\/pages"}],"about":[{"href":"https:\/\/lggip.usthb.dz\/index.php\/wp-json\/wp\/v2\/types\/page"}],"author":[{"embeddable":true,"href":"https:\/\/lggip.usthb.dz\/index.php\/wp-json\/wp\/v2\/users\/1"}],"replies":[{"embeddable":true,"href":"https:\/\/lggip.usthb.dz\/index.php\/wp-json\/wp\/v2\/comments?post=43"}],"version-history":[{"count":9,"href":"https:\/\/lggip.usthb.dz\/index.php\/wp-json\/wp\/v2\/pages\/43\/revisions"}],"predecessor-version":[{"id":271,"href":"https:\/\/lggip.usthb.dz\/index.php\/wp-json\/wp\/v2\/pages\/43\/revisions\/271"}],"wp:featuredmedia":[{"embeddable":true,"href":"https:\/\/lggip.usthb.dz\/index.php\/wp-json\/wp\/v2\/media\/109"}],"wp:attachment":[{"href":"https:\/\/lggip.usthb.dz\/index.php\/wp-json\/wp\/v2\/media?parent=43"}],"curies":[{"name":"wp","href":"https:\/\/api.w.org\/{rel}","templated":true}]}}