{"id":46,"date":"2023-03-20T09:28:06","date_gmt":"2023-03-20T09:28:06","guid":{"rendered":"http:\/\/193.194.89.174\/wp_lggip\/?page_id=46"},"modified":"2024-03-13T08:49:59","modified_gmt":"2024-03-13T08:49:59","slug":"planetologie-et-experimentation-geologique","status":"publish","type":"page","link":"https:\/\/lggip.usthb.dz\/index.php\/planetologie-et-experimentation-geologique\/","title":{"rendered":"Plan\u00e9tologie et Exp\u00e9rimentation g\u00e9ologique"},"content":{"rendered":"\n<h3 class=\"wp-block-heading\">Axes de recherche<\/h3>\n\n\n\n<p>L\u2019objectif de l\u2019\u00e9tude des crat\u00e8res d\u2019impact m\u00e9t\u00e9oritique qui sont recens\u00e9s dans le Sahara alg\u00e9rien est d\u2019une part, de confirmer la nature extraterrestre de ces structures d\u00e9crites par des g\u00e9ologues et d\u2019autre part, de faire une analyse tectonique d\u00e9taill\u00e9e des structures, en se basant sur les diverses \u00e9tudes g\u00e9ophysiques et g\u00e9ologiques. L\u2019\u00e9tude et l\u2019analyse d\u00e9taill\u00e9e du mat\u00e9riel m\u00e9t\u00e9oritique d\u00e9couvert en Alg\u00e9rie permet aussi de contribuer \u00e0 l\u2019enrichissement du patrimoine scientifique mondial. Par ailleurs, nous tenterons d\u2019\u00e9tablir d\u2019\u00e9ventuelles corr\u00e9lations entre l\u2019extinction massive d\u2019esp\u00e8ces animales telle celle de la limite cr\u00e9tac\u00e9-tertiaire et les impacts m\u00e9t\u00e9oritiques responsables des grands crat\u00e8res, tel celui de Chicxulub au Yucat\u00e1n (Mexique).<br>Depuis la mise en \u00e9vidence de l\u2019origine extraterrestre des m\u00e9t\u00e9orites et des crat\u00e8res m\u00e9t\u00e9oritiques, la communaut\u00e9 scientifique ne cesse d\u2019enrichir ses collections d\u2019informations, de mat\u00e9riels et de sites d\u2019impact. Le cercle des intervenants s\u2019\u00e9largit avec une c\u00e9l\u00e9rit\u00e9 qui n\u2019a d\u2019\u00e9gal que l\u2019int\u00e9r\u00eat que porte les scientifiques aux sciences de l\u2019espace et de l\u2019univers d\u2019aujourd\u2019hui. Ce projet de cette \u00e9quipe s\u2019inscrit dans cette logique de contribution \u00e0 l\u2019\u00e9tude des impacts m\u00e9t\u00e9oritiques recens\u00e9es en Alg\u00e9rie et des quelques m\u00e9t\u00e9orites d\u00e9couvertes en Alg\u00e9rie.<\/p>\n\n\n\n<h3 class=\"wp-block-heading\">MEMBRES<\/h3>\n\n\n\n<p><strong>Chef d\u2019\u00e9quipe\u00a0:<\/strong>\u00a0Professeur Djelloul BELHAI<\/p>\n\n\n\n<figure class=\"wp-block-table\"><table><tbody><tr><td>Nom<\/td><td>Pr\u00e9nom<\/td><td>Grade<\/td><td>Structure d\u2019origine<\/td><\/tr><tr><td>BELHAI<\/td><td>Djelloul<\/td><td>Pr.<\/td><td>FSTGAT\/USTHB<\/td><\/tr><tr><td>AIT-HAMOU<\/td><td>FARIDA<\/td><td>MC<\/td><td>FSTGAT\/USTHB<\/td><\/tr><tr><td>AFALFIZ<\/td><td>Abdelhafid<\/td><td>CC<\/td><td>FSTGAT\/USTHB<\/td><\/tr><tr><td>MERIOUA<\/td><td>Leila<\/td><td>MA<\/td><td>FSTGAT\/USTHB<\/td><\/tr><tr><td>&nbsp;SAHOUI<\/td><td>Ratiba<\/td><td>MA<\/td><td>Univ. de Tizi-Ouzou<\/td><\/tr><\/tbody><\/table><\/figure>\n","protected":false},"excerpt":{"rendered":"<p>Axes de recherche L\u2019objectif de l\u2019\u00e9tude des crat\u00e8res d\u2019impact m\u00e9t\u00e9oritique qui sont recens\u00e9s dans le Sahara alg\u00e9rien est d\u2019une part, de confirmer la nature extraterrestre de ces structures d\u00e9crites par des g\u00e9ologues et d\u2019autre part, de faire une analyse tectonique <span class=\"readmore\"><a href=\"https:\/\/lggip.usthb.dz\/index.php\/planetologie-et-experimentation-geologique\/\">Continue Reading<\/a><\/span><\/p>\n","protected":false},"author":1,"featured_media":111,"parent":0,"menu_order":0,"comment_status":"closed","ping_status":"closed","template":"","meta":{"footnotes":""},"class_list":["post-46","page","type-page","status-publish","has-post-thumbnail","hentry"],"_links":{"self":[{"href":"https:\/\/lggip.usthb.dz\/index.php\/wp-json\/wp\/v2\/pages\/46","targetHints":{"allow":["GET"]}}],"collection":[{"href":"https:\/\/lggip.usthb.dz\/index.php\/wp-json\/wp\/v2\/pages"}],"about":[{"href":"https:\/\/lggip.usthb.dz\/index.php\/wp-json\/wp\/v2\/types\/page"}],"author":[{"embeddable":true,"href":"https:\/\/lggip.usthb.dz\/index.php\/wp-json\/wp\/v2\/users\/1"}],"replies":[{"embeddable":true,"href":"https:\/\/lggip.usthb.dz\/index.php\/wp-json\/wp\/v2\/comments?post=46"}],"version-history":[{"count":14,"href":"https:\/\/lggip.usthb.dz\/index.php\/wp-json\/wp\/v2\/pages\/46\/revisions"}],"predecessor-version":[{"id":269,"href":"https:\/\/lggip.usthb.dz\/index.php\/wp-json\/wp\/v2\/pages\/46\/revisions\/269"}],"wp:featuredmedia":[{"embeddable":true,"href":"https:\/\/lggip.usthb.dz\/index.php\/wp-json\/wp\/v2\/media\/111"}],"wp:attachment":[{"href":"https:\/\/lggip.usthb.dz\/index.php\/wp-json\/wp\/v2\/media?parent=46"}],"curies":[{"name":"wp","href":"https:\/\/api.w.org\/{rel}","templated":true}]}}