{"id":48,"date":"2023-03-20T09:29:18","date_gmt":"2023-03-20T09:29:18","guid":{"rendered":"http:\/\/193.194.89.174\/wp_lggip\/?page_id=48"},"modified":"2024-03-13T09:01:14","modified_gmt":"2024-03-13T09:01:14","slug":"geologie-de-lingenieur","status":"publish","type":"page","link":"https:\/\/lggip.usthb.dz\/index.php\/geologie-de-lingenieur\/","title":{"rendered":"G\u00e9ologie de l\u2019Ing\u00e9nieur"},"content":{"rendered":"\n<h3 class=\"wp-block-heading\">Axes de recherche<\/h3>\n\n\n\n<p>L\u2019\u00e9quipe de g\u00e9ologie de l\u2019ing\u00e9nieur travaille sur quatre th\u00e8mes essentiels qui sont&nbsp;:<br>1) Les risques g\u00e9ologiques qui sont r\u00e9els en Alg\u00e9rie (glissements de terrains , seismes et ph\u00e9nom\u00e8nes g\u00e9omorphologiques induits ,liqu\u00e9faction des sols, effondrements) . Ils s\u2019expriment par des d\u00e9formations du sol et du sous sol, qui menacent l\u2019homme et ses constructions. Leur \u00e9tude consiste \u00e0 d\u00e9finir les degr\u00e9s de vuln\u00e9rabilit\u00e9s r\u00e9gionales sur la base de crit\u00e8res g\u00e9ologiques , g\u00e9omorphologiques , sismiques et g\u00e9otechniques qui les gouvernent. L\u2019aboutissement de cette recherche sera concr\u00e9tis\u00e9 par l\u2019\u00e9tablissement de cartes g\u00e9otechniques qui constituent un document n\u00e9cessaire dans l\u2019\u00e9laboration des plans d\u2019occupations des sols (POS) et dans les plans directeurs d\u2019urbanisme( PUD ) .<br>2) Mat\u00e9riaux de construction qui repr\u00e9sentent un volet important dans l\u2019\u00e9conomie nationale.<br>En effet cette recherche contribue \u00e0 la connaissance&nbsp;: \u2022 des gisements de granulats de roches massives<br>\u2022 des gisements alluvionnaires constitu\u00e9s de sables et graviers<br>\u2022 d\u2019autres gisements de min\u00e9raux utiles dans la construction et dans l\u2019industrie en g\u00e9n\u00e9ral ( exemple&nbsp;: argiles pour produits rouges , sables pour verrerie , etc)<br>En plus de ce bilan des ressources en mat\u00e9riaux locaux ( tels que tufs , sables gypseux , ar\u00e8nes granitiques ) cette recherche vise aussi les rapports intimes et les relations entre la min\u00e9ralisations et le comportement g\u00e9otechniques des roches .<br>3) G\u00e9ologie des grands ouvrages (routes , autoroutes, barrages, tunnels, infrastructures portuaires<br>La stabilit\u00e9 , s\u00e9curit\u00e9 et \u00e9conomie des grands ouvrages reposent en grande partie sur des donn\u00e9es g\u00e9ologiques des terrains complexes , sollicit\u00e9s qui \u00e9chappent souvent aux \u00e9tudes g\u00e9otechniques classiques. Cette r\u00e9flexion consiste \u00e0 d\u00e9gager une m\u00e9thodologie d\u2019\u00e9tude qui int\u00e8gre au mieux la g\u00e9ologie dans les projets d\u2019\u00e9tude&nbsp;: qualit\u00e9 des sols et sous sols de fondation, effet de la fracturation , influence des eaux souterraines , ressources en mat\u00e9riaux , impacts sur l\u2019environnement<br>4) comportement g\u00e9om\u00e9canique des sols et roches . Cette recherche vise \u00e0 la connaissance du comportement de roches sous certaines sollicitations .Elle conribue \u00e0 la compr\u00e9hension des ph\u00e9nom\u00e8nes complexes, de gonflement , tassement, ruptures , qui constituent de v\u00e9ritables contraintes en Alg\u00e9rie en relation avec toute l\u2019histoire g\u00e9ologique de notre pays (Exemples&nbsp;: argiles de Zarzaitine d\u2019In am\u00e9nas ).<\/p>\n\n\n\n<h3 class=\"wp-block-heading\">MEMBRES<\/h3>\n\n\n\n<p><strong>Chef d\u2019\u00e9quipe&nbsp;:<\/strong>&nbsp;<\/p>\n\n\n\n<figure class=\"wp-block-table\"><table><tbody><tr><td>Nom<\/td><td>Pr\u00e9nom<\/td><td>Grade<\/td><td>Structure d\u2019origine<\/td><\/tr><tr><td>BOUGDAL<\/td><td>Rachid<\/td><td>MC<\/td><td>FSTGAT\/USTHB<\/td><\/tr><tr><td>ALLOUL<\/td><td>Belaid<\/td><td>CC<\/td><td>FSTGAT\/USTHB<\/td><\/tr><tr><td>MIMOUNI<\/td><td>Omar<\/td><td>MC<\/td><td>FSTGAT\/USTHB<\/td><\/tr><tr><td>CHIKH-LOUNIS<\/td><td>Ghani<\/td><td>MCB<\/td><td>FSTGAT\/USTHB<\/td><\/tr><tr><td>HALLEL<\/td><td>Mustapha<\/td><td>MCB<\/td><td>ENSSMAL<\/td><\/tr><\/tbody><\/table><\/figure>\n","protected":false},"excerpt":{"rendered":"<p>Axes de recherche L\u2019\u00e9quipe de g\u00e9ologie de l\u2019ing\u00e9nieur travaille sur quatre th\u00e8mes essentiels qui sont&nbsp;:1) Les risques g\u00e9ologiques qui sont r\u00e9els en Alg\u00e9rie (glissements de terrains , seismes et ph\u00e9nom\u00e8nes g\u00e9omorphologiques induits ,liqu\u00e9faction des sols, effondrements) . Ils s\u2019expriment par <span class=\"readmore\"><a href=\"https:\/\/lggip.usthb.dz\/index.php\/geologie-de-lingenieur\/\">Continue Reading<\/a><\/span><\/p>\n","protected":false},"author":1,"featured_media":112,"parent":0,"menu_order":0,"comment_status":"closed","ping_status":"closed","template":"","meta":{"footnotes":""},"class_list":["post-48","page","type-page","status-publish","has-post-thumbnail","hentry"],"_links":{"self":[{"href":"https:\/\/lggip.usthb.dz\/index.php\/wp-json\/wp\/v2\/pages\/48","targetHints":{"allow":["GET"]}}],"collection":[{"href":"https:\/\/lggip.usthb.dz\/index.php\/wp-json\/wp\/v2\/pages"}],"about":[{"href":"https:\/\/lggip.usthb.dz\/index.php\/wp-json\/wp\/v2\/types\/page"}],"author":[{"embeddable":true,"href":"https:\/\/lggip.usthb.dz\/index.php\/wp-json\/wp\/v2\/users\/1"}],"replies":[{"embeddable":true,"href":"https:\/\/lggip.usthb.dz\/index.php\/wp-json\/wp\/v2\/comments?post=48"}],"version-history":[{"count":12,"href":"https:\/\/lggip.usthb.dz\/index.php\/wp-json\/wp\/v2\/pages\/48\/revisions"}],"predecessor-version":[{"id":272,"href":"https:\/\/lggip.usthb.dz\/index.php\/wp-json\/wp\/v2\/pages\/48\/revisions\/272"}],"wp:featuredmedia":[{"embeddable":true,"href":"https:\/\/lggip.usthb.dz\/index.php\/wp-json\/wp\/v2\/media\/112"}],"wp:attachment":[{"href":"https:\/\/lggip.usthb.dz\/index.php\/wp-json\/wp\/v2\/media?parent=48"}],"curies":[{"name":"wp","href":"https:\/\/api.w.org\/{rel}","templated":true}]}}