{"id":51,"date":"2023-03-20T09:33:52","date_gmt":"2023-03-20T09:33:52","guid":{"rendered":"http:\/\/193.194.89.174\/wp_lggip\/?page_id=51"},"modified":"2023-03-20T09:33:52","modified_gmt":"2023-03-20T09:33:52","slug":"publications","status":"publish","type":"page","link":"https:\/\/lggip.usthb.dz\/index.php\/publications\/","title":{"rendered":"Publications"},"content":{"rendered":"\n<p><strong>I&nbsp;<u>Publications internationales<\/u><\/strong>&nbsp;:<\/p>\n\n\n\n<p><strong>1-<\/strong>&nbsp;Eocene&nbsp;exhumation&nbsp;of&nbsp;the&nbsp;Tuareg&nbsp;Shield&nbsp;(Sahara&nbsp;Desert,&nbsp;Africa). S.&nbsp;ROUGIER, Y.&nbsp;MISSENARD, C.&nbsp;GAUTHERON, J.&nbsp;BARBARAND, H.&nbsp;ZEYEN, R.&nbsp;PINNA, J.P.&nbsp;LIEGEOIS,&nbsp;B.&nbsp;BONIN,&nbsp;<strong>A.&nbsp;OUABADI<\/strong>, M.&nbsp;E-M.&nbsp;DERDER, D.&nbsp;FRIZON&nbsp;DE&nbsp;LAMOTTE.<strong>&nbsp;GEOLOGY<\/strong>,&nbsp;<strong>41 (2013) 615-618.<\/strong><\/p>\n\n\n\n<p><strong>2-<\/strong>&nbsp;Metacraton&nbsp;: nature,&nbsp;genesis&nbsp;and&nbsp;behavior. J.P.&nbsp;LIEGEOIS, N.&nbsp;ENNIH,&nbsp;G. M.&nbsp;ABDELSALAM,&nbsp;<strong>A.&nbsp;OUABADI.&nbsp;Gondwana&nbsp;Reaserch&nbsp;23 (2013) 220-237<\/strong><\/p>\n\n\n\n<p><strong>3-<\/strong>&nbsp;Multistage&nbsp;evolution&nbsp;of&nbsp;unusual&nbsp;osumilite-bearing&nbsp;assemblages&nbsp;preserved&nbsp;in&nbsp;ultrahigh-temperature&nbsp;granulites&nbsp;from&nbsp;In&nbsp;Ouzzal&nbsp;(Hoggar,&nbsp;Algeria).&nbsp;<strong>Adjerid,&nbsp;Z<\/strong>.,&nbsp;Godard, G.,&nbsp;<strong>Ouzegane, K<\/strong>. &amp;&nbsp;Kienast, J-R.&nbsp;<strong>Journal&nbsp;of&nbsp;Metamorphic&nbsp;Geology&nbsp;(2013)<\/strong>.<\/p>\n\n\n\n<p><strong>4-<\/strong>&nbsp;Extrusion&nbsp;du bloc In&nbsp;Ouzzal&nbsp;vers le Nord (Hoggar&nbsp;Occidental, Alg\u00e9rie)&nbsp;: Cons\u00e9quence d\u2019un poin\u00e7onnement&nbsp;panafricain.&nbsp;Haddoum, H.,&nbsp;<strong>Mokri, M<\/strong>.,&nbsp;<strong>Ouzegane, K<\/strong>.,&nbsp;<strong>Ait&nbsp;Djafer, S. et&nbsp;Djemai,S.&nbsp;Journal&nbsp;of&nbsp;hydrocarbons&nbsp;Mines and&nbsp;Environmental&nbsp;research. 04 (2013).<\/strong><\/p>\n\n\n\n<p><strong>5-<\/strong>&nbsp;Detrital&nbsp;pyrope&nbsp;garnets&nbsp;from&nbsp;the&nbsp;El&nbsp;Kseibat&nbsp;area,&nbsp;Algeria&nbsp;: A&nbsp;glimpse&nbsp;into&nbsp;the&nbsp;lithospheric&nbsp;mantle&nbsp;beneath&nbsp;the&nbsp;north-eastern&nbsp;edge&nbsp;of&nbsp;the&nbsp;West&nbsp;African&nbsp;Craton.&nbsp;<strong>KAHOUI&nbsp;M<\/strong>,&nbsp;GRIFFIN&nbsp;W.L,&nbsp;KAMINSKY&nbsp;F. V,&nbsp;<strong>MAHDJOUB&nbsp;Y<\/strong>&nbsp;&amp;&nbsp;CHABANE&nbsp;M.&nbsp;<strong>Journal&nbsp;of&nbsp;African&nbsp;Earth&nbsp;Sciences 6 (2012) 1-11.<\/strong><\/p>\n\n\n\n<p><strong>6-<\/strong>&nbsp;Pyrope&nbsp;garnets&nbsp;from&nbsp;the&nbsp;Eglab&nbsp;Shield,&nbsp;Algeria&nbsp;:&nbsp;Look&nbsp;inside&nbsp;the&nbsp;Earth\u2019s&nbsp;mantle&nbsp;in&nbsp;the&nbsp;West&nbsp;African&nbsp;Craton&nbsp;and suggestions&nbsp;about&nbsp;primary&nbsp;sources&nbsp;of&nbsp;diamond&nbsp;and&nbsp;indicator&nbsp;minerals.&nbsp;KAMINSKY&nbsp;F. V,&nbsp;<strong>KAHOUI&nbsp;M,&nbsp;MAHDJOUB&nbsp;Y<\/strong>,&nbsp;BELOUSOVA&nbsp;E,&nbsp;GRIFFIN&nbsp;W.L,&nbsp;O\u2019REILLY&nbsp;and&nbsp;CHABANE.&nbsp;<strong>Proceeding&nbsp;of&nbsp;XII&nbsp;International&nbsp;Workshop&nbsp;\u201cDeep-seated&nbsp;magmatism,&nbsp;its&nbsp;sources and plumes\u201d, (2012) 73-104.&nbsp;Ed.&nbsp;Vladykin&nbsp;N.V.<\/strong><\/p>\n\n\n\n<p><strong>7-<\/strong>&nbsp;Apport des images&nbsp;Landstat&nbsp;7ETM+ pour la cartographie des terrains&nbsp;pr\u00e9cambriens&nbsp;en zone aride&nbsp;: exemple de la r\u00e9gion&nbsp;d\u2019Amesmessa&nbsp;(Sud In&nbsp;Ouzzal,&nbsp;Hoggar, Alg\u00e9rie).&nbsp;<strong>Djemai, S.,&nbsp;Bendaoud, A<\/strong>.,&nbsp;Deroin, J.P,&nbsp;<strong>Brahmi, B.,&nbsp;Berraki, F.,&nbsp;Ouzegane, K<\/strong>.,&nbsp;Kienast, J.R.&nbsp;<strong>Photo-Interpretation&nbsp;European&nbsp;Journal&nbsp;of&nbsp;Applied&nbsp;Remote&nbsp;sensing. 48 (2012) 7-17.<\/strong><\/p>\n\n\n\n<p><strong>8-<\/strong>&nbsp;Utilisation des images&nbsp;Landsat7&nbsp;ETM+ et&nbsp;ALOS&nbsp;Scansar&nbsp;pour la Cartographie de la d\u00e9formation contemporaine du&nbsp;m\u00e9tamorphisme&nbsp;pal\u00e9oprot\u00e9rozo\u00efque&nbsp;de tr\u00e8s haute temp\u00e9rature de l\u2019In&nbsp;Ouzzal&nbsp;Nord (Hoggar, Alg\u00e9rie).&nbsp;<strong>Brahmi, B.,&nbsp;Djemai, S.,&nbsp;Bendaoud, A<\/strong>.,&nbsp;Haddoum, H.,&nbsp;<strong>Berraki, F<\/strong>.,&nbsp;Kienast, J.R.,&nbsp;Deroin, J.P.,&nbsp;<strong>Ouzegane, K<\/strong>.&nbsp;<strong>Photo-Interpretation&nbsp;European&nbsp;Journal&nbsp;of&nbsp;Applied&nbsp;Remote&nbsp;sensing. 48 (2012) 18-25<\/strong>.<\/p>\n\n\n\n<p><strong>9-<\/strong>&nbsp;Cartographie et&nbsp;P\u00e9trologie&nbsp;des&nbsp;dykes&nbsp;de&nbsp;dol\u00e9rites&nbsp;de l\u2019In&nbsp;Ouzzal&nbsp;(Hoggar&nbsp;Occidental, Alg\u00e9rie).&nbsp;<strong>Berraki, F.,&nbsp;Bendaoud, A.,&nbsp;Brahmi, B.,&nbsp;Djemai, S.<\/strong>,&nbsp;Kienast, J. R.&nbsp;Deroin, J. P,&nbsp;<strong>Ouzegane, K<\/strong>.&nbsp;<strong>Photo-Interpr\u00e9tation&nbsp;European&nbsp;Journal&nbsp;of&nbsp;Applied&nbsp;Remote&nbsp;sensing. 48 (2012) 26-35.<\/strong><\/p>\n\n\n\n<p><strong>10-<\/strong>&nbsp;Sands&nbsp;of&nbsp;West&nbsp;Gondwana&nbsp;: An archive&nbsp;of&nbsp;secular&nbsp;magmatism&nbsp;and plate interactions. A case&nbsp;study&nbsp;from&nbsp;the&nbsp;Cambro-Ordovician&nbsp;section&nbsp;of&nbsp;the&nbsp;Tassili&nbsp;Ouan&nbsp;Ahaggar&nbsp;(Algerian&nbsp;Sahara)&nbsp;using&nbsp;U\u2013Pb\u2013LA-ICP-MS&nbsp;detrital&nbsp;zircon&nbsp;ages.&nbsp;Linnemann, U.,&nbsp;<strong>Ouzegane,&nbsp;K.<\/strong>,&nbsp;<strong>Drareni, A<\/strong>.,&nbsp;Hofmann, M.,&nbsp;Becker, S.,&nbsp;G\u00e4rtner, A.,&nbsp;Sagawe, A.&nbsp;<strong>Lithos&nbsp;123 (2011) 188-203<\/strong>.<\/p>\n\n\n\n<p><strong>11-<\/strong>&nbsp;Eburnean&nbsp;and&nbsp;Pan-African&nbsp;granitoids&nbsp;and&nbsp;the&nbsp;Raghane&nbsp;mega-shear&nbsp;zone&nbsp;evolution&nbsp;: Image&nbsp;analysis,&nbsp;U\u2013Pb&nbsp;zircon&nbsp;age&nbsp;and&nbsp;AMS&nbsp;study&nbsp;in&nbsp;the&nbsp;Arokam&nbsp;Tenere&nbsp;(Tuareg&nbsp;shield,&nbsp;Algeria). O.&nbsp;Nouar,&nbsp;B.&nbsp;Henry, J.P.&nbsp;Liegeois, M.E.M.&nbsp;Derder,&nbsp;B.&nbsp;Bayou, O.&nbsp;Bruguier,&nbsp;<strong>A.&nbsp;Ouabadi<\/strong>, M.&nbsp;Amenna, A.&nbsp;Hemmi, M.&nbsp;Ayache.&nbsp;<strong>Journal&nbsp;of&nbsp;African&nbsp;Earth&nbsp;Sciences 60 (2011) 133\u2013152.<\/strong><\/p>\n\n\n\n<p><strong>12-<\/strong>&nbsp;Les&nbsp;pseudotachylites&nbsp;sous conditions&nbsp;granulitiques&nbsp;de la zone de&nbsp;cisaillement&nbsp;pal\u00e9oprot\u00e9rozo\u00efque&nbsp;de&nbsp;Tikachitine&nbsp;(In&nbsp;Ouzzal,&nbsp;Hoggar).&nbsp;<strong>Fettous&nbsp;E.H et&nbsp;Mahdjoub&nbsp;Y<\/strong>.&nbsp;<strong>La Revue Canadienne des Sciences de la Terre (RCST), (2011) 48,1-14<\/strong>.<\/p>\n\n\n\n<p><strong>13-<\/strong>&nbsp;Strain&nbsp;analysis&nbsp;of&nbsp;the&nbsp;late&nbsp;0rdovician&nbsp;tectonic&nbsp;events&nbsp;in&nbsp;the&nbsp;In-Tahouite&nbsp;and&nbsp;Tamadjert&nbsp;formation (Tassili-N-Ajjers&nbsp;area,&nbsp;Algeria).&nbsp;Zazoun&nbsp;R.S et&nbsp;<strong>Mahdjoub&nbsp;Y. Journal&nbsp;of&nbsp;African&nbsp;Earth&nbsp;Sciences,(2011) 60&nbsp;: 63-78.2011<\/strong><\/p>\n\n\n\n<p><strong>14-<\/strong>&nbsp;Les&nbsp;pseudotachylites&nbsp;sous conditions&nbsp;granulitiques&nbsp;de la zone de&nbsp;cisaillement&nbsp;pal\u00e9oprot\u00e9rozo\u00efque&nbsp;de&nbsp;Tikachitine&nbsp;(In&nbsp;Ouzzal,&nbsp;Hoggar).&nbsp;<strong>FETTOUS,&nbsp;El. and&nbsp;MAHDJOUB, Y. La Revue Canadienne des Sciences de la Terre (RCST), 48(2011)&nbsp;: 1-14&nbsp;<\/strong><\/p>\n\n\n\n<p><strong>15-<\/strong>&nbsp;Sands&nbsp;of&nbsp;West&nbsp;Gondwana&nbsp;: An archive&nbsp;of&nbsp;secular&nbsp;magmatism&nbsp;and plate interactions. A case&nbsp;study&nbsp;from&nbsp;the&nbsp;Cambro-Ordovician&nbsp;section&nbsp;of&nbsp;the&nbsp;Tassili&nbsp;Ouan&nbsp;Ahaggar&nbsp;(Algerian&nbsp;Sahara)&nbsp;using&nbsp;U\u2013Pb\u2013LA-ICP-MS&nbsp;detrital&nbsp;zircon&nbsp;ages&#8221;.&nbsp;Linnemann, U.,&nbsp;<strong>Ouzegane, K.,&nbsp;Drareni, A<\/strong>.,&nbsp;Hofmann, M.,&nbsp;Becker, S.,&nbsp;G\u00e4rtner, A.,&nbsp;Sagawe, A.,&nbsp;<strong>Lithos&nbsp;,(2011) 123, 188-203<\/strong>.<\/p>\n\n\n\n<p><strong>16-<\/strong>&nbsp;Late&nbsp;Ediacaran&nbsp;geological&nbsp;evolution&nbsp;(575\u2013555 Ma)&nbsp;of&nbsp;the&nbsp;Djanet&nbsp;Terrane,&nbsp;Eastern&nbsp;Hoggar,&nbsp;Algeria,&nbsp;evidence&nbsp;for a&nbsp;Murzukian&nbsp;intracontinental&nbsp;episode.&nbsp;<strong>Fezaa&nbsp;N<\/strong>., J.P.&nbsp;Liegeois,&nbsp;<strong>Abdallah&nbsp;N<\/strong>.&nbsp;;&nbsp;Cherfouh&nbsp;E.H., De&nbsp;Waele&nbsp;B.,&nbsp;Bruguier&nbsp;O.,&nbsp;<strong>Ouabadi&nbsp;A.&nbsp;Precambrian&nbsp;Research&nbsp;180 (2010) 299\u2013327.<\/strong><\/p>\n\n\n\n<p><strong>17-<\/strong>&nbsp;Repeated&nbsp;granitoid&nbsp;intrusions&nbsp;during&nbsp;the&nbsp;Neoproterozoic&nbsp;along&nbsp;the&nbsp;western&nbsp;boundary&nbsp;of&nbsp;the&nbsp;Saharan&nbsp;metacraton,&nbsp;eastern&nbsp;Hoggar,&nbsp;Tuareg&nbsp;shield,&nbsp;Algeria&nbsp;: an&nbsp;AMS&nbsp;and&nbsp;UPb&nbsp;zircon&nbsp;age&nbsp;study.&nbsp;Henry&nbsp;B., Li\u00e9geois J.P.,&nbsp;Nouar&nbsp;O.,&nbsp;Derder&nbsp;M.&nbsp;E.M.,&nbsp;Bayou&nbsp;B.,&nbsp;Bruguier&nbsp;O.,&nbsp;<strong>Ouabadi&nbsp;A. ,&nbsp;Belhai&nbsp;D<\/strong>.,&nbsp;Amenna&nbsp;M.,&nbsp;Hemmi&nbsp;A. and&nbsp;Ayache&nbsp;M.&nbsp;<strong>Tectonophysics&nbsp;474 (2009) 417-434<\/strong>.<\/p>\n\n\n\n<p><strong>18-<\/strong>&nbsp;Spinel-quartz&nbsp;high&nbsp;temperature&nbsp;paragenesis&nbsp;in&nbsp;the&nbsp;Al-Fe&nbsp;granulites&nbsp;from&nbsp;Ihouhaouene&nbsp;area&nbsp;(NW&nbsp;Hoggar,&nbsp;Algeria).&nbsp;<strong>A\u00eft-Djafer, S.,&nbsp;Adjerid,&nbsp;Z<\/strong>.,&nbsp;Badani, A.,&nbsp;<strong>Ouzegane, K<\/strong>. and&nbsp;Kienast, J-R.&nbsp;<strong>(2009) Journal&nbsp;of&nbsp;African&nbsp;Earth&nbsp;sciences N\u00b0&nbsp;55, 79-91<\/strong>.<\/p>\n\n\n\n<p><strong>19-<\/strong>&nbsp;Inhomogeneous&nbsp;shearing&nbsp;related&nbsp;to&nbsp;rock composition&nbsp;:&nbsp;evidence&nbsp;from&nbsp;a major&nbsp;late-Panafrican&nbsp;shear&nbsp;zone in&nbsp;the&nbsp;Tuareg&nbsp;shield&nbsp;(Algeria).&nbsp;Henry&nbsp;B.,&nbsp;Derder&nbsp;M.&nbsp;E.M.,&nbsp;Bayou&nbsp;B.,.&nbsp;Guemache&nbsp;M.A.&nbsp;Nouar&nbsp;O,&nbsp;<strong>Ouabadi&nbsp;A.<\/strong>,&nbsp;Djellit&nbsp;H.,&nbsp;Amenna&nbsp;M.&nbsp;et&nbsp;Hemmi&nbsp;A.&nbsp;<strong>Swiss&nbsp;Journal&nbsp;of&nbsp;Geoscience&nbsp;(2008).&nbsp;DOI&nbsp;10.1007\/S00015-008-1262-4.<\/strong><\/p>\n\n\n\n<p><strong>20-&nbsp;<\/strong>First&nbsp;report&nbsp;of&nbsp;ultrahigh-temperature&nbsp;sapphirine&nbsp;+&nbsp;spinel&nbsp;+ quartz and&nbsp;orthopyroxene&nbsp;+&nbsp;spinel&nbsp;+ quartz&nbsp;parageneses,&nbsp;discovered&nbsp;in Al\u2013Mg&nbsp;granulite&nbsp;from&nbsp;Khanfous&nbsp;area&nbsp;(In&nbsp;Ouzzal&nbsp;metacraton,&nbsp;Hoggar,&nbsp;Algeria.&nbsp;<strong>Adjerid&nbsp;Z.,&nbsp;Ouzegane&nbsp;K.<\/strong>,&nbsp;Godar&nbsp;G.&nbsp;Kienast&nbsp;J.R.&nbsp;<strong>Geological&nbsp;Society,&nbsp;London,&nbsp;Special&nbsp;Publications (2008) 297&nbsp;; 147-167<\/strong>.<\/p>\n\n\n\n<p><strong>21-<\/strong>&nbsp;The&nbsp;Eburnian&nbsp;Granulitic&nbsp;Metapelites&nbsp;of&nbsp;Tidjenouine,&nbsp;geochronology&nbsp;and&nbsp;metamorphic&nbsp;P-T-X&nbsp;evolution&nbsp;:&nbsp;witness&nbsp;of&nbsp;the&nbsp;LATEA&nbsp;metacratonic&nbsp;evolution&nbsp;(Central&nbsp;Hoggar,&nbsp;Algeria.&nbsp;<strong>Bendaoud&nbsp;A,&nbsp;Ouzegane&nbsp;K<\/strong>.,&nbsp;Godar&nbsp;G., Li\u00e9geois J.P,&nbsp;Kienast&nbsp;J-R,&nbsp;Bruguier&nbsp;O.&nbsp;<strong>Drareni&nbsp;A<\/strong>.&nbsp;<strong>Geological&nbsp;Society,&nbsp;London,&nbsp;Special&nbsp;Publications (2008) 297&nbsp;; 111-146.<\/strong><\/p>\n\n\n\n<p><strong>22-<\/strong>&nbsp;Possible&nbsp;primary&nbsp;sources&nbsp;of&nbsp;diamond&nbsp;in&nbsp;the&nbsp;North-African&nbsp;diamondiferous&nbsp;province.&nbsp;<strong>Kahoui&nbsp;M.&nbsp;;&nbsp;Mahdjoub&nbsp;Y<\/strong>. et&nbsp;Kaminsky&nbsp;F.V.&nbsp;<strong>Geological&nbsp;Society&nbsp;of&nbsp;London,&nbsp;Special&nbsp;Publications&nbsp;; 297 (2008) 77-109<\/strong>.<\/p>\n\n\n\n<p><strong>23-<\/strong>&nbsp;Field&nbsp;evidence&nbsp;for&nbsp;Quaternary&nbsp;seismic&nbsp;paleoliquefaction-and&nbsp;used&nbsp;features&nbsp;in&nbsp;the&nbsp;epicentral&nbsp;area&nbsp;of&nbsp;the&nbsp;May&nbsp;21&nbsp;Boumerdes-Algeria&nbsp;(Mw&nbsp;= 6.8).&nbsp;Bouhaddad, Y. et&nbsp;<strong>Belha\u00ef, D. Journal&nbsp;of&nbsp;seismology. (2008)<\/strong>.<\/p>\n\n\n\n<p><strong>24-<\/strong>&nbsp;The&nbsp;Temaguessine&nbsp;Fe-Cordierite&nbsp;orbicular&nbsp;granite (Central&nbsp;Hoggar,&nbsp;Algeria)&nbsp;:&nbsp;U-Pb&nbsp;SHRIMP&nbsp;age,&nbsp;petrology,&nbsp;origin&nbsp;and&nbsp;geodynamical&nbsp;consequences&nbsp;for&nbsp;the&nbsp;late&nbsp;Pan-African&nbsp;magmatism&nbsp;of&nbsp;the&nbsp;Touareg&nbsp;shield.&nbsp;<strong>Abdallah&nbsp;N.<\/strong>&nbsp;; Li\u00e9geois J-P, De&nbsp;Waele&nbsp;B.,&nbsp;<strong>Fezaa&nbsp;N. et&nbsp;Ouabadi&nbsp;A.&nbsp;: Journal&nbsp;of&nbsp;African&nbsp;Earth&nbsp;Sciences 49 (2007) 153-178<\/strong><\/p>\n\n\n\n<p><strong>25-<\/strong>&nbsp;Late&nbsp;Pan-African&nbsp;evolution&nbsp;of&nbsp;the&nbsp;main&nbsp;Hoggar&nbsp;fault&nbsp;zones&nbsp;: Implications&nbsp;of&nbsp;magnetic&nbsp;fabric&nbsp;study&nbsp;in&nbsp;the&nbsp;In&nbsp;Telloukh&nbsp;pluton&nbsp;(Tin&nbsp;Serririne&nbsp;basin,&nbsp;Algeria).&nbsp;Henry&nbsp;B.,&nbsp;Bayou&nbsp;B.,&nbsp;Derder&nbsp;M.&nbsp;E.M.,&nbsp;Djellit&nbsp;H.,&nbsp;<strong>Ouabadi&nbsp;A<\/strong>.,&nbsp;Khaldi&nbsp;A. et&nbsp;Hemmi&nbsp;A.&nbsp;<strong>Journal&nbsp;of&nbsp;African&nbsp;Earth&nbsp;Sciences 49 (2007) 211-221<\/strong><\/p>\n\n\n\n<p><strong>26-<\/strong>&nbsp;Djellit&nbsp;H.,&nbsp;Bellon&nbsp;H.&nbsp;<strong>Ouabadi&nbsp;A<\/strong>.,&nbsp;Derder&nbsp;M.E.M.&nbsp;Henry&nbsp;B.,&nbsp;Bayou&nbsp;B.&nbsp;Khaldi&nbsp;A.&nbsp;Baziz&nbsp;K.&nbsp;Merahi&nbsp;M.K.&nbsp;: \u00c2ge&nbsp;40K\/40Ar,&nbsp;Carbonif\u00e8re&nbsp;inferieur, du&nbsp;magmatisme&nbsp;basique&nbsp;filonien&nbsp;du&nbsp;synclinal&nbsp;pal\u00e9ozo\u00efque&nbsp;de&nbsp;Tin&nbsp;Serririne, Sud-Est du&nbsp;Hoggar&nbsp;(Alg\u00e9rie).<strong>CRAS&nbsp;Geoscience. (2006) 338&nbsp;: 624-631<\/strong>.<\/p>\n\n\n\n<p><strong>27-<\/strong>&nbsp;Henry&nbsp;B.&nbsp;Derder&nbsp;M.,&nbsp;Bayou&nbsp;B.,&nbsp;<strong>Ouabadi&nbsp;A,&nbsp;Belhai&nbsp;D.<\/strong>,&nbsp;Besse&nbsp;J. et&nbsp;Hemmi&nbsp;A.&nbsp;:&nbsp;Magnetic&nbsp;fabric&nbsp;of&nbsp;late&nbsp;Pan-African&nbsp;plutons&nbsp;of&nbsp;the&nbsp;Tamanrasset&nbsp;area&nbsp;(Hoghgar&nbsp;shield,&nbsp;Algeria) and&nbsp;its&nbsp;structural implications.&nbsp;<strong>Africa&nbsp;Geosciences&nbsp;Review, 13 (2006) 41-52<\/strong>.<\/p>\n\n\n\n<p><strong>28-<\/strong>&nbsp;Benyahiya, O,&nbsp;Hadduom, H.,&nbsp;<strong>Ouzegane, K.,&nbsp;Bendaoud, A<\/strong>.,&nbsp;<strong>Djemai, S<\/strong>.,&nbsp;Kienast, J.R.&nbsp;: Fonctionnement et r\u00f4le des&nbsp;m\u00e9ga-zones&nbsp;de&nbsp;cisaillement&nbsp;dans la structuration du&nbsp;m\u00e9tacraton&nbsp;\u00e9burn\u00e9en&nbsp;du&nbsp;LATEA&nbsp;au&nbsp;Panafricain&nbsp;puis au&nbsp;Phan\u00e9rozo\u00efque&nbsp;(r\u00e9gion de&nbsp;Tamanrasset,&nbsp;Hoggar, Alg\u00e9rie).&nbsp;<strong>Africa&nbsp;Geoscience&nbsp;Review. 12 (2005) 261-272<\/strong><\/p>\n\n\n\n<p><strong>II&nbsp;&#8211;<u>&nbsp;Publications nationales<\/u>&nbsp;:<\/strong><\/p>\n\n\n\n<p><strong>1-<\/strong>&nbsp;Origine du groupe&nbsp;m\u00e9tas\u00e9dimentaire&nbsp;de&nbsp;Djanet&nbsp;(Hoggar&nbsp;oriental, Alg\u00e9rie).&nbsp;G\u00e9ochronologie&nbsp;et&nbsp;G\u00e9ochimie&nbsp;.<strong>N.&nbsp;FEZAA,<\/strong>&nbsp;J.P.&nbsp;LIEGEOIS,&nbsp;<strong>N.&nbsp;ABDALLAH<\/strong>, O.&nbsp;BRUGUIER,&nbsp;<strong>R.&nbsp;LAOUAR, A.&nbsp;OUABADI. Bulletin du Service G\u00e9ologique de l\u2019Alg\u00e9rie 24 (2013)1-24.<\/strong><\/p>\n\n\n\n<p><strong>2-<\/strong>&nbsp;Fracturation&nbsp;et caract\u00e9risation des r\u00e9servoirs&nbsp;cambriens&nbsp;de la zone A du champ de&nbsp;Hassi&nbsp;Messaoud.&nbsp;Plateforme&nbsp;saharienne- Alg\u00e9rie.&nbsp;AMZAR&nbsp;M,&nbsp;<strong>MAHDJOUB&nbsp;Y<\/strong>&nbsp;et&nbsp;LOUMI&nbsp;K.&nbsp;<strong>Bulletin du Service G\u00e9ologique de l\u2019Alg\u00e9rie.&nbsp;24 (2013) 209-242.<\/strong><\/p>\n\n\n\n<p><strong>3-<\/strong>D\u00e9doublement du tunnel routier&nbsp;d\u2019Aokas&nbsp;: G\u00e9ologie et caract\u00e9risation&nbsp;g\u00e9otechnique&nbsp;du massif. Stabilit\u00e9 de l\u2019ouvrage.&nbsp;<strong>Hallal&nbsp;.M.&nbsp;et&nbsp;Bougdal&nbsp;Bulletin du Service G\u00e9ologique de l\u2019Alg\u00e9rie, 72 (2013) 3-4<\/strong><\/p>\n\n\n\n<p><strong>4-<\/strong>&nbsp;D\u00e9formations&nbsp;panafricaines&nbsp;et&nbsp;post-panafricaines&nbsp;dans la r\u00e9gion&nbsp;de&nbsp;Djanet&nbsp;(Hoggar&nbsp;oriental, Alg\u00e9rie).&nbsp;<strong>ZEKIRI-NEMMOUR&nbsp;D et&nbsp;MAHDJOUB&nbsp;Y. Bulletin du Service G\u00e9ologique de l\u2019Alg\u00e9rie. 23, 2&nbsp;(2012) 117-135.<\/strong><\/p>\n\n\n\n<p><strong>5-<\/strong>&nbsp;Contribution des images&nbsp;satellitaires&nbsp;\u00e0 haute r\u00e9solution&nbsp;Aster&nbsp;\u00e0 la cartographie&nbsp;lin\u00e9amentaire&nbsp;dans la r\u00e9gion du&nbsp;Djebel&nbsp;Drissa&nbsp;(Sud-ouest Alg\u00e9rien&nbsp;2\u00e8me&nbsp;Colloque International sur la G\u00e9ologie du Sahara,&nbsp;Ouargla,&nbsp;HAMMAD, N et&nbsp;<strong>KAHOUI, M.&nbsp;Proceedings&nbsp;&#8220;Th\u00e8me I G\u00e9ologie Fondamentale&#8221;. (2012) 67-71.<\/strong><\/p>\n\n\n\n<p><strong>6-<\/strong>&nbsp;Etude&nbsp;de&nbsp;clinopyrox\u00e8nes&nbsp;des&nbsp;basalts&nbsp;panafricains&nbsp;d\u2019Ain&nbsp;Kahla&nbsp;(Sahara central, Alg\u00e9rie) et implications&nbsp;g\u00e9odynamiques.&nbsp;Guemache&nbsp;M.A.,&nbsp;Louni-Hacini&nbsp;A.,&nbsp;Djellit&nbsp;H.,&nbsp;<strong>Ouabadi&nbsp;A<\/strong>.&nbsp;;&nbsp;Benhallou&nbsp;A. et&nbsp;Derder&nbsp;M.E.M.&nbsp;<strong>Bulletin du Service G\u00e9ologique de l\u2019Alg\u00e9rie. 21 (2010).<\/strong><\/p>\n\n\n\n<p><strong>7-<\/strong>&nbsp;Les s\u00e9ries&nbsp;arch\u00e9ennes&nbsp;d\u2019Amesmessa&nbsp;(Ouest&nbsp;Hoggar)&nbsp;remobilis\u00e9es&nbsp;au&nbsp;Prot\u00e9rozo\u00efque&nbsp;: cartographie, \u00e9volution&nbsp;tectonique&nbsp;et cheminement P-T.&nbsp;Djemai&nbsp;S.,&nbsp;Haddoum&nbsp;H.,&nbsp;<strong>Bendaoud&nbsp;A.,&nbsp;Ouzegane&nbsp;K.<\/strong>, et&nbsp;Kienast, J-R.&nbsp;<strong>Bulletin du Service G\u00e9ologique de l\u2019Alg\u00e9rie. 2(2009)&nbsp;<\/strong><strong>1-27<\/strong><\/p>\n\n\n\n<p><strong>8-<\/strong>&nbsp;Le granite&nbsp;panafricain&nbsp;calco-alcalin&nbsp;et hautement&nbsp;potassique&nbsp;de&nbsp;Tin&nbsp;Amzi&nbsp;(Hoggar&nbsp;central )&nbsp;:&nbsp;P\u00e9trographie&nbsp;et&nbsp;g\u00e9ochimie.&nbsp;Loumi&nbsp;K. et&nbsp;<strong>Mahdjoub&nbsp;Y. Bulletin du Service G\u00e9ologique de l\u2019Alg\u00e9rie&nbsp;: 20(2009) 93-108.<\/strong><\/p>\n\n\n\n<p><strong>9<\/strong>&#8211; Vuln\u00e9rabilit\u00e9 des eaux \u00e0 la pollution dans&nbsp;uen&nbsp;zone \u00e0 climat semi-aride&nbsp;: R\u00e9gion de&nbsp;Tebessa&nbsp;(Extr\u00eame est Alg\u00e9rien).&nbsp;Djabri&nbsp;L.,&nbsp;Hani&nbsp;A.&nbsp;<strong>Laouar&nbsp;R<\/strong>.&nbsp;Djorfi&nbsp;S.&nbsp;Lamouroux&nbsp;C, et&nbsp;Boussahel&nbsp;R.&nbsp;<strong>Bulletin du Service G\u00e9ologique de l\u2019Alg\u00e9rie. 19 (2008) 115-133.<\/strong><\/p>\n\n\n\n<p><strong>10<\/strong>&#8211; Impact des rejets industriels sur la qualit\u00e9 du milieu et sur les eaux de la nappe superficielles. Cas de la R\u00e9gion&nbsp;d\u2019Annaba&nbsp;(Alg\u00e9rie).&nbsp;Djorfi&nbsp;S.,&nbsp;Hani&nbsp;A,&nbsp;<strong>Laouar&nbsp;R<\/strong>. et&nbsp;Djabri&nbsp;L.&nbsp;<strong>Bulletin du Service G\u00e9ologique de l\u2019Alg\u00e9rie. 49 (2008) 19-33.<\/strong><\/p>\n\n\n\n<p><strong>11-<\/strong>&nbsp;Evolution&nbsp;des pression et temp\u00e9rature des&nbsp;metagabbros&nbsp;\u00e0 grenats du complexe&nbsp;mafique&nbsp;et&nbsp;ultramafique&nbsp;du camp&nbsp;Zora&nbsp;(Terrane&nbsp;de&nbsp;l\u2019Ahnet- Nord ouest du&nbsp;Hoggar).&nbsp;<strong>Mokri&nbsp;M.&nbsp;;&nbsp;Ouzegane,&nbsp;K<\/strong>.,&nbsp;Kienast, J.R.,&nbsp;Caby, R.&nbsp;<strong>Bulletin du Service G\u00e9ologique de l\u2019Alg\u00e9rie. 19 (2008) 17-31.<\/strong><\/p>\n\n\n\n<p><strong>12<\/strong>&#8211;&nbsp;L\u2019Arch\u00e9en&nbsp;du&nbsp;Hoggar&nbsp;:&nbsp;g\u00e9ochronologie&nbsp;et \u00e9volution&nbsp;g\u00e9odynamique.<strong>&nbsp;Drareni, A.,&nbsp;Ouzegane, K.,&nbsp;Bendaoud, A<\/strong>.&nbsp;:&nbsp;<strong>Bulletin du Service G\u00e9ologique de l\u2019Alg\u00e9rie., 18&nbsp;(2007)&nbsp;103-126<\/strong><\/p>\n\n\n\n<p><strong>13-<\/strong>&nbsp;Etude&nbsp;p\u00e9trographique, min\u00e9ralogique et&nbsp;g\u00e9ochimique.&nbsp;Talbi&nbsp;, M.,&nbsp;<strong>Bendaoud, A<\/strong>. ,&nbsp;Kienast&nbsp;, J.R., et&nbsp;<strong>Ouzegane,&nbsp;K<\/strong>.,&nbsp;: Le massif&nbsp;ultrabasique&nbsp;d\u2019In&nbsp;Allarene&nbsp;(Ouest&nbsp;Hoggar)&nbsp;:&nbsp;<strong>Bulletin du Service G\u00e9ologique de l\u2019Alg\u00e9rie, 18&nbsp;(2007)&nbsp;3- 23<\/strong><\/p>\n\n\n\n<p><strong>14-<\/strong>&nbsp;G\u00e9ologie de la ville de Constantine et de ses environs.&nbsp;<strong>Bougdal&nbsp;R. et&nbsp;Belhai&nbsp;D<\/strong>.&nbsp;<strong>Bulletin du Service G\u00e9ologique de l\u2019Alg\u00e9rie. 18 (2006)&nbsp;<\/strong><\/p>\n","protected":false},"excerpt":{"rendered":"<p>I&nbsp;Publications internationales&nbsp;: 1-&nbsp;Eocene&nbsp;exhumation&nbsp;of&nbsp;the&nbsp;Tuareg&nbsp;Shield&nbsp;(Sahara&nbsp;Desert,&nbsp;Africa). S.&nbsp;ROUGIER, Y.&nbsp;MISSENARD, C.&nbsp;GAUTHERON, J.&nbsp;BARBARAND, H.&nbsp;ZEYEN, R.&nbsp;PINNA, J.P.&nbsp;LIEGEOIS,&nbsp;B.&nbsp;BONIN,&nbsp;A.&nbsp;OUABADI, M.&nbsp;E-M.&nbsp;DERDER, D.&nbsp;FRIZON&nbsp;DE&nbsp;LAMOTTE.&nbsp;GEOLOGY,&nbsp;41 (2013) 615-618. 2-&nbsp;Metacraton&nbsp;: nature,&nbsp;genesis&nbsp;and&nbsp;behavior. J.P.&nbsp;LIEGEOIS, N.&nbsp;ENNIH,&nbsp;G. M.&nbsp;ABDELSALAM,&nbsp;A.&nbsp;OUABADI.&nbsp;Gondwana&nbsp;Reaserch&nbsp;23 (2013) 220-237 3-&nbsp;Multistage&nbsp;evolution&nbsp;of&nbsp;unusual&nbsp;osumilite-bearing&nbsp;assemblages&nbsp;preserved&nbsp;in&nbsp;ultrahigh-temperature&nbsp;granulites&nbsp;from&nbsp;In&nbsp;Ouzzal&nbsp;(Hoggar,&nbsp;Algeria).&nbsp;Adjerid,&nbsp;Z.,&nbsp;Godard, G.,&nbsp;Ouzegane, K. &amp;&nbsp;Kienast, J-R.&nbsp;Journal&nbsp;of&nbsp;Metamorphic&nbsp;Geology&nbsp;(2013). 4-&nbsp;Extrusion&nbsp;du bloc In&nbsp;Ouzzal&nbsp;vers le Nord (Hoggar&nbsp;Occidental, Alg\u00e9rie)&nbsp;: Cons\u00e9quence d\u2019un poin\u00e7onnement&nbsp;panafricain.&nbsp;Haddoum, H.,&nbsp;Mokri, M.,&nbsp;Ouzegane, K.,&nbsp;Ait&nbsp;Djafer, S. <span class=\"readmore\"><a href=\"https:\/\/lggip.usthb.dz\/index.php\/publications\/\">Continue Reading<\/a><\/span><\/p>\n","protected":false},"author":1,"featured_media":0,"parent":0,"menu_order":0,"comment_status":"closed","ping_status":"closed","template":"","meta":{"footnotes":""},"class_list":["post-51","page","type-page","status-publish","hentry"],"_links":{"self":[{"href":"https:\/\/lggip.usthb.dz\/index.php\/wp-json\/wp\/v2\/pages\/51","targetHints":{"allow":["GET"]}}],"collection":[{"href":"https:\/\/lggip.usthb.dz\/index.php\/wp-json\/wp\/v2\/pages"}],"about":[{"href":"https:\/\/lggip.usthb.dz\/index.php\/wp-json\/wp\/v2\/types\/page"}],"author":[{"embeddable":true,"href":"https:\/\/lggip.usthb.dz\/index.php\/wp-json\/wp\/v2\/users\/1"}],"replies":[{"embeddable":true,"href":"https:\/\/lggip.usthb.dz\/index.php\/wp-json\/wp\/v2\/comments?post=51"}],"version-history":[{"count":2,"href":"https:\/\/lggip.usthb.dz\/index.php\/wp-json\/wp\/v2\/pages\/51\/revisions"}],"predecessor-version":[{"id":312,"href":"https:\/\/lggip.usthb.dz\/index.php\/wp-json\/wp\/v2\/pages\/51\/revisions\/312"}],"wp:attachment":[{"href":"https:\/\/lggip.usthb.dz\/index.php\/wp-json\/wp\/v2\/media?parent=51"}],"curies":[{"name":"wp","href":"https:\/\/api.w.org\/{rel}","templated":true}]}}