{"id":57,"date":"2023-03-20T09:37:07","date_gmt":"2023-03-20T09:37:07","guid":{"rendered":"http:\/\/193.194.89.174\/wp_lggip\/?page_id=57"},"modified":"2024-05-06T19:05:28","modified_gmt":"2024-05-06T19:05:28","slug":"theses-dhabilitation","status":"publish","type":"page","link":"https:\/\/lggip.usthb.dz\/index.php\/theses-dhabilitation\/","title":{"rendered":"Habilitation"},"content":{"rendered":"\n<p><strong>Abdallah Nachida<\/strong>&nbsp;: P\u00e9trologie, g\u00e9ochimie et g\u00e9ochronologie des massifs granitiques tardifs du Hoggar Central.&nbsp;<strong>FSTGAT\/USTHB le 22 novembre 2010<\/strong>.<\/p>\n\n\n\n<p><strong>Bendaoud Abderrahmane<\/strong>&nbsp;:&nbsp;P\u00e9trologie et G\u00e9ochimie des s\u00e9ries basiques et ultrabasiques pr\u00e9cambriennes de l\u2019In Ouzzal et du Hoggar Central et leurs relations avec l\u2019encaissant.&nbsp;<strong>FSTGAT\/USTHB le 24 Juin 2009<\/strong><\/p>\n","protected":false},"excerpt":{"rendered":"<p>Abdallah Nachida&nbsp;: P\u00e9trologie, g\u00e9ochimie et g\u00e9ochronologie des massifs granitiques tardifs du Hoggar Central.&nbsp;FSTGAT\/USTHB le 22 novembre 2010. Bendaoud Abderrahmane&nbsp;:&nbsp;P\u00e9trologie et G\u00e9ochimie des s\u00e9ries basiques et ultrabasiques pr\u00e9cambriennes de l\u2019In Ouzzal et du Hoggar Central et leurs relations avec l\u2019encaissant.&nbsp;FSTGAT\/USTHB le <span class=\"readmore\"><a href=\"https:\/\/lggip.usthb.dz\/index.php\/theses-dhabilitation\/\">Continue Reading<\/a><\/span><\/p>\n","protected":false},"author":1,"featured_media":0,"parent":0,"menu_order":0,"comment_status":"closed","ping_status":"closed","template":"","meta":{"footnotes":""},"class_list":["post-57","page","type-page","status-publish","hentry"],"_links":{"self":[{"href":"https:\/\/lggip.usthb.dz\/index.php\/wp-json\/wp\/v2\/pages\/57","targetHints":{"allow":["GET"]}}],"collection":[{"href":"https:\/\/lggip.usthb.dz\/index.php\/wp-json\/wp\/v2\/pages"}],"about":[{"href":"https:\/\/lggip.usthb.dz\/index.php\/wp-json\/wp\/v2\/types\/page"}],"author":[{"embeddable":true,"href":"https:\/\/lggip.usthb.dz\/index.php\/wp-json\/wp\/v2\/users\/1"}],"replies":[{"embeddable":true,"href":"https:\/\/lggip.usthb.dz\/index.php\/wp-json\/wp\/v2\/comments?post=57"}],"version-history":[{"count":2,"href":"https:\/\/lggip.usthb.dz\/index.php\/wp-json\/wp\/v2\/pages\/57\/revisions"}],"predecessor-version":[{"id":303,"href":"https:\/\/lggip.usthb.dz\/index.php\/wp-json\/wp\/v2\/pages\/57\/revisions\/303"}],"wp:attachment":[{"href":"https:\/\/lggip.usthb.dz\/index.php\/wp-json\/wp\/v2\/media?parent=57"}],"curies":[{"name":"wp","href":"https:\/\/api.w.org\/{rel}","templated":true}]}}