{"id":59,"date":"2023-03-20T09:38:03","date_gmt":"2023-03-20T09:38:03","guid":{"rendered":"http:\/\/193.194.89.174\/wp_lggip\/?page_id=59"},"modified":"2024-05-06T19:14:30","modified_gmt":"2024-05-06T19:14:30","slug":"doctorats-soutenus","status":"publish","type":"page","link":"https:\/\/lggip.usthb.dz\/index.php\/doctorats-soutenus\/","title":{"rendered":"Doctorat"},"content":{"rendered":"\n<p><strong>Boureghda Nadia<\/strong>&nbsp;:&nbsp;Diversit\u00e9 m\u00e9tamorphiques des Gour Oumelalen (Nord Ouest Hoggar). Doctorat FSTGAT\/USTHB le 15 juin 2011. Directrice de th\u00e8se&nbsp;<strong>Pr. K.OUZEGANE<\/strong>.<\/p>\n\n\n\n<p><strong>Amri Kamel<\/strong>&nbsp;: Evolution thermo-m\u00e9canique de la r\u00e9gion de Tahifet (Hoggar central). Doctorat FSTGAT\/USTHB le 08 juin 2011. Directrice de th\u00e8se P<strong>r. Y.MAHDJOUB<\/strong>.<\/p>\n\n\n\n<p><strong>Chikh-Lounis Ghani&nbsp;<\/strong>&nbsp;: Etude g\u00e9ologique du N\u00e9og\u00e8ne d\u2019Alger&nbsp;: application g\u00e9otechnique et risque. Doctorat FSTGAT\/USTHB Mars 2010. Directeur de th\u00e8se&nbsp;<strong>Pr. D. BELHAI<\/strong>.<\/p>\n\n\n\n<p><strong>Derridj-Bitam Amel<\/strong>&nbsp;:&nbsp;Granulite et amphibolite de haute pression du Sud du Hoggar central. Doctorat FSTGAT\/USTHB le&nbsp;26 f\u00e9vrier 2011. Directrice de th\u00e8se&nbsp;<strong>Pr. K.OUZEGANE<\/strong>.<\/p>\n\n\n\n<p><strong>Hellal Mustapha<\/strong>&nbsp;:&nbsp;Utilisation du bruit de fond pour l\u2019\u00e9valuation de la structure g\u00e9ologique 3D. Application \u00e0 trois sites en contexte de forte sismicit\u00e9.&nbsp;Doctorat FSTGAT\/USTHB&nbsp;mai 2010. Directeur de th\u00e8se&nbsp;<strong>Dr. R.BOUGDAL<\/strong><\/p>\n\n\n\n<p><strong>Mimouni Omar<\/strong>&nbsp;: Les eaux de la r\u00e9gion d\u2019Alger-Risques de pollution et d\u2019inondation. Doctorat d\u2019Etat FSTGAT\/USTHB le 06 mai 2010.<\/p>\n\n\n\n<p><strong>Fezaa Nassima<\/strong>&nbsp;: G\u00e9ochimie et g\u00e9ochronologie du magmatisme panafricain de Djanet et de son encaissant m\u00e9tas\u00e9dimentaire. Cons\u00e9quences g\u00e9odynamiques. Doctorat FSTGAT\/USTHB&nbsp;06 juillet 2010. Directeur de th\u00e8se&nbsp;<strong>Pr. A. OUABADI<\/strong><\/p>\n\n\n\n<p><strong>Djemai Safouane&nbsp;:&nbsp;<\/strong>Etude structurale et p\u00e9trologique des s\u00e9ries pr\u00e9cambriennes de la terminaison sud de l\u2019In Ouzzal (Hoggar occidental). Doctorat d\u2019Etat FSTGAT\/USTHB le 15 d\u00e9cembre 2008. Directreur de th\u00e8se&nbsp;:&nbsp;<strong>Pr<\/strong><strong>&nbsp;H.HADDOUM<\/strong><\/p>\n\n\n\n<p><strong>Benyahia-Boumaza Sorraya&nbsp;:&nbsp;<\/strong>P\u00e9trologie des pal\u00e9oskarns alumineux et mang\u00e9siens \u00e0 spinelle et \u00e0 magn\u00e9tite et des carbonatites de l\u2019In Ouzzal ( Hoggar occidental. Soutenue le 19 octobre 2008. Directrice de th\u00e8se Pr<strong>&nbsp;K. Ouzegane<\/strong><strong>.<\/strong><\/p>\n\n\n\n<p><strong>Adjerid Zouhir<\/strong>&nbsp;: Textures&nbsp;et mod\u00e9lisation thermodynamique&nbsp;: Exemple des s\u00e9ries m\u00e9tamorphiques de haute temp\u00e9rature et de haute pression du Hoggar.&nbsp;Doctorat FSTGAT\/USTHB soutenue le 4 Novembre 2009. Directrice de Th\u00e8se&nbsp;<strong>Pr<\/strong>.&nbsp;<strong>K. Ouzegane.<\/strong><\/p>\n\n\n\n<p><strong>Messaoudi Mounia&nbsp;<\/strong>&nbsp;:&nbsp;M\u00e9t\u00e9orites sahariennes&nbsp;: \u00e9tudes p\u00e9trologique et min\u00e9ralogique des m\u00e9t\u00e9orites d\u2019El Idrissia et NWA 4290 et alt\u00e9ration aqueuse.&nbsp;Doctorat FSTGAT\/USTHB. le 6 octobre 2008. Directeur de th\u00e8sePr<strong>&nbsp;D. Belhai.<\/strong><\/p>\n\n\n\n<p><strong>Bendaoud Abderrahmane&nbsp;:&nbsp;<\/strong>P\u00e9trologie et G\u00e9ochimie des s\u00e9ries basiques et ultrabasiques pr\u00e9cambriennes de l\u2019In Ouzzal et du Hoggar Central et leur relation avec l\u2019encaissant. Th\u00e8se de Doctorat soutenue le 2 Mars 2008. Directrice de Th\u00e8se Pr.&nbsp;<strong>K. Ouzegane.<\/strong><\/p>\n\n\n\n<p><strong>Ait Djafer&nbsp;Saida&nbsp;:&nbsp;<\/strong>Les anorthosites et les roches associ\u00e9es&nbsp;: Exemple de l\u2019In Ouzzal et de Tin Zebane ( Ouest Hoggar). Aspects p\u00e9trologiques, g\u00e9ochimiques et g\u00e9ochronologiques. Doctorat d\u2019Etat FSTGAT\/USTHB le 23 Janvier 2008&nbsp;Directrice de Th\u00e8se Pr.&nbsp;<strong>K. Ouzegane.<\/strong><\/p>\n\n\n\n<p><strong>Abdallah Nachida&nbsp;:&nbsp;<\/strong>G\u00e9ochimie et G\u00e9ochronologie des intrusions magmatiques panafricaines du terrane Eg\u00e9r\u00e9-Aleksod&nbsp;: exemple des massifs granitiques de l\u2019Ounane, Tihouda\u00eene et Tisselliline (Hoggar central, Alg\u00e9rie).&nbsp;Doctorat FSTGAT\/USTHB le 22 Janvier 2008. Directeur de th\u00e8sePr<strong>&nbsp;A. Ouabadi.<\/strong><\/p>\n\n\n\n<p><strong>Drareni Amar&nbsp;<\/strong>&nbsp;: G\u00e9ochimie et g\u00e9ochronologie de la cro\u00fbte continentale arch\u00e9enne et \u00e9burn\u00e9enne du Hoggar et des Eglab.&nbsp;Doctorat d\u2019Etat FSTGAT\/USTHB le 16 Janvier 2008. Directrice de Th\u00e8se&nbsp;<strong>Pr<\/strong>.&nbsp;<strong>K. Ouzegane.<\/strong><\/p>\n\n\n\n<p><strong>Bouhadad Youcef<\/strong>&nbsp;: Dynamique r\u00e9cente et actuelle de quelques tron\u00e7ons de la cha\u00eene tellienne&nbsp;: G\u00e9ologie des failles actives et al\u00e9a sismique. Doctorat FSTGAT\/USTHB. le en Avril 2007.&nbsp;Directeur de th\u00e8se&nbsp;:&nbsp;<strong>Pr. D. Belhai.<\/strong><\/p>\n\n\n\n<p>.<\/p>\n","protected":false},"excerpt":{"rendered":"<p>Boureghda Nadia&nbsp;:&nbsp;Diversit\u00e9 m\u00e9tamorphiques des Gour Oumelalen (Nord Ouest Hoggar). Doctorat FSTGAT\/USTHB le 15 juin 2011. Directrice de th\u00e8se&nbsp;Pr. K.OUZEGANE. Amri Kamel&nbsp;: Evolution thermo-m\u00e9canique de la r\u00e9gion de Tahifet (Hoggar central). Doctorat FSTGAT\/USTHB le 08 juin 2011. Directrice de th\u00e8se Pr. <span class=\"readmore\"><a href=\"https:\/\/lggip.usthb.dz\/index.php\/doctorats-soutenus\/\">Continue Reading<\/a><\/span><\/p>\n","protected":false},"author":1,"featured_media":0,"parent":0,"menu_order":0,"comment_status":"closed","ping_status":"closed","template":"","meta":{"footnotes":""},"class_list":["post-59","page","type-page","status-publish","hentry"],"_links":{"self":[{"href":"https:\/\/lggip.usthb.dz\/index.php\/wp-json\/wp\/v2\/pages\/59","targetHints":{"allow":["GET"]}}],"collection":[{"href":"https:\/\/lggip.usthb.dz\/index.php\/wp-json\/wp\/v2\/pages"}],"about":[{"href":"https:\/\/lggip.usthb.dz\/index.php\/wp-json\/wp\/v2\/types\/page"}],"author":[{"embeddable":true,"href":"https:\/\/lggip.usthb.dz\/index.php\/wp-json\/wp\/v2\/users\/1"}],"replies":[{"embeddable":true,"href":"https:\/\/lggip.usthb.dz\/index.php\/wp-json\/wp\/v2\/comments?post=59"}],"version-history":[{"count":2,"href":"https:\/\/lggip.usthb.dz\/index.php\/wp-json\/wp\/v2\/pages\/59\/revisions"}],"predecessor-version":[{"id":322,"href":"https:\/\/lggip.usthb.dz\/index.php\/wp-json\/wp\/v2\/pages\/59\/revisions\/322"}],"wp:attachment":[{"href":"https:\/\/lggip.usthb.dz\/index.php\/wp-json\/wp\/v2\/media?parent=59"}],"curies":[{"name":"wp","href":"https:\/\/api.w.org\/{rel}","templated":true}]}}