{"id":61,"date":"2023-03-20T09:38:45","date_gmt":"2023-03-20T09:38:45","guid":{"rendered":"http:\/\/193.194.89.174\/wp_lggip\/?page_id=61"},"modified":"2024-05-06T19:13:37","modified_gmt":"2024-05-06T19:13:37","slug":"magisters-soutenus","status":"publish","type":"page","link":"https:\/\/lggip.usthb.dz\/index.php\/magisters-soutenus\/","title":{"rendered":"Magister"},"content":{"rendered":"\n<p><strong>Oussaid Fa\u00efza<\/strong>&nbsp;: Etude de la limite cr\u00e9tac\u00e9-Tertiaire en Alg\u00e9rie du Nord. FSTGAT\/USTHB le 29 septembre 2011. Directeur de th\u00e8se&nbsp;<strong>Pr. D. Belhai<\/strong>.<\/p>\n\n\n\n<p><strong>Idir-Touati Tiziri<\/strong>&nbsp;:&nbsp;P\u00e9trologie et g\u00e9ochronologie du massif tardif d\u2019In Tounine (Terrane Laouni Hoggar central ALGERIE). FSTGAT\/USTHB le 11 septembre 2011. Directrice de th\u00e8se&nbsp;<strong>Dr. N. Abdallah<\/strong>.<\/p>\n\n\n\n<p><strong>Barraki Fahima<\/strong>&nbsp;:&nbsp;Apport de la t\u00e9l\u00e9d\u00e9tection \u00e0 la cartographie g\u00e9ologie des r\u00e9gions pr\u00e9cambriennes en zones d\u00e9sertiques&nbsp;: Exemple du pal\u00e9oprot\u00e9rozo\u00efque de l\u2019Aleksod (Hoggar central). FSTGAT\/USTHB le 07 juillet 2011. Dirceteur de th\u00e8se<strong>&nbsp;Dr A.Bendaoud<\/strong><\/p>\n\n\n\n<p><strong>Bacha Amina<\/strong>&nbsp;:&nbsp;Evaluation du ph\u00e9nom\u00e8ne de liqu\u00e9faction dans la plaine des Isser. FSTGAT\/USTHB 2011. Directeur de th\u00e8se&nbsp;<strong>Dr. R. Bougdal<\/strong>.<\/p>\n\n\n\n<p><strong>Louni Chahira<\/strong>&nbsp;:&nbsp;Le granite hyperalcalin de la Gara Adjemamaye (Hoggar central)&nbsp;: p\u00e9trographie et g\u00e9ochimie). FSTGAT\/USTHB le 14 avril 2011. Directeur de th\u00e8se&nbsp;<strong>Pr.&nbsp;M.Kahoui<\/strong>.<\/p>\n\n\n\n<p><strong>Habbib Rafik<\/strong>&nbsp;: G\u00e9ologie et gisement de pierres de tailles en Alg\u00e9rie du Nord, caract\u00e9risation g\u00e9otechniques FSTGAT\/USTHB&nbsp;2011. Directeur de th\u00e8se&nbsp;<strong>Dr. B. Alloul<\/strong><\/p>\n\n\n\n<p><strong>Belmedrek Wafa<\/strong>&nbsp;:&nbsp;Evolution m\u00e9sozo\u00efque et c\u00e9nozo\u00efque des Monts des Nemamchat (Atlas Saharien sud Oriental)&nbsp;: Implications sur la migration et le pi\u00e9geage des hydrocarbures. FSTGAT\/USTHB le 30 juin 2009. Directrice de th\u00e8se&nbsp;<strong>Pr. Y. Mahdjoub<\/strong><\/p>\n\n\n\n<p><strong>Abbassene Fatiha<\/strong>&nbsp;: &#8220;P\u00e9trologie, g\u00e9ochronologie et g\u00e9ochimie du massif granitique pan-africain d\u2019Arif (Hoggar oriental, Alg\u00e9rie)&#8221;. (FSTGAT\/USTHB). Th\u00e8se soutenue en&nbsp;<strong>novembre 2010<\/strong>. Directeur de th\u00e8se Pr.&nbsp;<strong>A. Ouabadi<\/strong><\/p>\n\n\n\n<p><strong>Kamel Assia<\/strong>&nbsp;&#8220;Evolution m\u00e9sozo\u00efque et c\u00e9nozo\u00efque des Monts de T\u00e9bessa (Atlas Saharien Oriental)&nbsp;: Implications sur la migration et le pi\u00e9geage des hydrocarbures&#8221;. (FSTGAT\/USTHB). Th\u00e8se soutenue&nbsp;<strong>le&nbsp;<\/strong><strong>30 Juin 2008<\/strong>. Directrice de th\u00e8se Pr.&nbsp;<strong>Y. Mahdjoub<\/strong>.<\/p>\n\n\n\n<p><strong>Hammad Nabila<\/strong>&nbsp;: &#8220;Apport de la t\u00e9l\u00e9d\u00e9tection \u00e0 haute r\u00e9solution \u00e0 la discrimination lithologique en domaines semi-aride et d\u00e9sertique (Exemple du complexe du Drissa et de la zone de cisaillement de Chenach\u00e8ne) &#8220;. FSTGAT\/USTHB). Th\u00e8se soutenue le&nbsp;<strong>26 Juin 2008<\/strong>. Directeur de th\u00e8se Pr<strong>. M.&nbsp;Kahoui<\/strong>.<\/p>\n\n\n\n<p><strong>Beche Amina<\/strong>&nbsp;: &#8220;Cartographie automatique et cin\u00e9matique des zones de cisaillement de la r\u00e9gion des Gour Oumelalen (Hoggar Central, Alg\u00e9rie)&#8221;. (FSTGAT\/USTHB). Th\u00e8se soutenue le&nbsp;<strong>24 Juin 2006<\/strong>. Directrice de th\u00e8se&nbsp;: Pr.&nbsp;<strong>Y. Mahdjoub<\/strong>.<\/p>\n\n\n\n<p><strong>Korchi-Haddar Aicha.<\/strong>&nbsp;: &#8220;Etude n\u00e9otectonique du bassin de T\u00e9n\u00e8s.&#8221; (FSTGAT\/USTH). Th\u00e8se soutenue en Octobre 2007. Directeur de th\u00e8se&nbsp;: Pr.&nbsp;<strong>D. Belhai.<\/strong><\/p>\n\n\n\n<p><strong>Boubazine Saliha<\/strong>&nbsp;: &#8220;Le m\u00e9tamorphisme de haute pression de la r\u00e9gion de Tahifet, Hoggar Central, Alg\u00e9rie&#8221;. (FSTGAT\/USTHB). Th\u00e8se soutenue le 8 Octobre 2007. Directrice de th\u00e8se Pr.&nbsp;<strong>K.Ouzegane.<\/strong><\/p>\n","protected":false},"excerpt":{"rendered":"<p>Oussaid Fa\u00efza&nbsp;: Etude de la limite cr\u00e9tac\u00e9-Tertiaire en Alg\u00e9rie du Nord. FSTGAT\/USTHB le 29 septembre 2011. Directeur de th\u00e8se&nbsp;Pr. D. Belhai. Idir-Touati Tiziri&nbsp;:&nbsp;P\u00e9trologie et g\u00e9ochronologie du massif tardif d\u2019In Tounine (Terrane Laouni Hoggar central ALGERIE). FSTGAT\/USTHB le 11 septembre 2011. <span class=\"readmore\"><a href=\"https:\/\/lggip.usthb.dz\/index.php\/magisters-soutenus\/\">Continue Reading<\/a><\/span><\/p>\n","protected":false},"author":1,"featured_media":0,"parent":0,"menu_order":0,"comment_status":"closed","ping_status":"closed","template":"","meta":{"footnotes":""},"class_list":["post-61","page","type-page","status-publish","hentry"],"_links":{"self":[{"href":"https:\/\/lggip.usthb.dz\/index.php\/wp-json\/wp\/v2\/pages\/61","targetHints":{"allow":["GET"]}}],"collection":[{"href":"https:\/\/lggip.usthb.dz\/index.php\/wp-json\/wp\/v2\/pages"}],"about":[{"href":"https:\/\/lggip.usthb.dz\/index.php\/wp-json\/wp\/v2\/types\/page"}],"author":[{"embeddable":true,"href":"https:\/\/lggip.usthb.dz\/index.php\/wp-json\/wp\/v2\/users\/1"}],"replies":[{"embeddable":true,"href":"https:\/\/lggip.usthb.dz\/index.php\/wp-json\/wp\/v2\/comments?post=61"}],"version-history":[{"count":2,"href":"https:\/\/lggip.usthb.dz\/index.php\/wp-json\/wp\/v2\/pages\/61\/revisions"}],"predecessor-version":[{"id":321,"href":"https:\/\/lggip.usthb.dz\/index.php\/wp-json\/wp\/v2\/pages\/61\/revisions\/321"}],"wp:attachment":[{"href":"https:\/\/lggip.usthb.dz\/index.php\/wp-json\/wp\/v2\/media?parent=61"}],"curies":[{"name":"wp","href":"https:\/\/api.w.org\/{rel}","templated":true}]}}