{"id":90,"date":"2023-03-23T11:22:16","date_gmt":"2023-03-23T11:22:16","guid":{"rendered":"http:\/\/193.194.89.174\/wp_lggip\/?page_id=90"},"modified":"2024-05-06T11:22:22","modified_gmt":"2024-05-06T11:22:22","slug":"equipes-de-recherche","status":"publish","type":"page","link":"https:\/\/lggip.usthb.dz\/index.php\/equipes-de-recherche\/","title":{"rendered":"\u00c9quipes de recherche"},"content":{"rendered":"\n<p><strong>Le laboratoire  est compos\u00e9 de cinq \u00e9quipes de recherche&nbsp;:<\/strong><\/p>\n\n\n\n<p>\u00c9quipe 1 : <a href=\"https:\/\/lggip.usthb.dz\/index.php\/geochimie\/\" data-type=\"page\" data-id=\"36\">G\u00e9ochimie<\/a><\/p>\n\n\n\n<p>\u00c9quipe 2 : <a href=\"https:\/\/lggip.usthb.dz\/index.php\/geologie-des-zones-profondes-du-hoggar\/\" data-type=\"page\" data-id=\"41\">G\u00e9ologie des Zones profondes du Hoggar<\/a><\/p>\n\n\n\n<p>\u00c9quipe 3 : <a href=\"https:\/\/lggip.usthb.dz\/index.php\/dynamique-de-la-lithosphere\/\" data-type=\"page\" data-id=\"43\">Dynamique de la lithosph\u00e8re<\/a><\/p>\n\n\n\n<p>\u00c9quipe 4 : <a href=\"https:\/\/lggip.usthb.dz\/index.php\/planetologie-et-experimentation-geologique\/\" data-type=\"page\" data-id=\"46\">Plan\u00e9tologie et Exp\u00e9rimentation g\u00e9ologique<\/a><\/p>\n\n\n\n<p>\u00c9quipe 5 : <a href=\"https:\/\/lggip.usthb.dz\/index.php\/geologie-de-lingenieur\/\" data-type=\"page\" data-id=\"48\">G\u00e9ologie de l\u2019Ing\u00e9nieur<\/a><\/p>\n","protected":false},"excerpt":{"rendered":"<p>Le laboratoire est compos\u00e9 de cinq \u00e9quipes de recherche&nbsp;: \u00c9quipe 1 : G\u00e9ochimie \u00c9quipe 2 : G\u00e9ologie des Zones profondes du Hoggar \u00c9quipe 3 : Dynamique de la lithosph\u00e8re \u00c9quipe 4 : Plan\u00e9tologie et Exp\u00e9rimentation g\u00e9ologique \u00c9quipe 5 : G\u00e9ologie <span class=\"readmore\"><a href=\"https:\/\/lggip.usthb.dz\/index.php\/equipes-de-recherche\/\">Continue Reading<\/a><\/span><\/p>\n","protected":false},"author":1,"featured_media":0,"parent":0,"menu_order":0,"comment_status":"closed","ping_status":"closed","template":"","meta":{"footnotes":""},"class_list":["post-90","page","type-page","status-publish","hentry"],"_links":{"self":[{"href":"https:\/\/lggip.usthb.dz\/index.php\/wp-json\/wp\/v2\/pages\/90","targetHints":{"allow":["GET"]}}],"collection":[{"href":"https:\/\/lggip.usthb.dz\/index.php\/wp-json\/wp\/v2\/pages"}],"about":[{"href":"https:\/\/lggip.usthb.dz\/index.php\/wp-json\/wp\/v2\/types\/page"}],"author":[{"embeddable":true,"href":"https:\/\/lggip.usthb.dz\/index.php\/wp-json\/wp\/v2\/users\/1"}],"replies":[{"embeddable":true,"href":"https:\/\/lggip.usthb.dz\/index.php\/wp-json\/wp\/v2\/comments?post=90"}],"version-history":[{"count":7,"href":"https:\/\/lggip.usthb.dz\/index.php\/wp-json\/wp\/v2\/pages\/90\/revisions"}],"predecessor-version":[{"id":281,"href":"https:\/\/lggip.usthb.dz\/index.php\/wp-json\/wp\/v2\/pages\/90\/revisions\/281"}],"wp:attachment":[{"href":"https:\/\/lggip.usthb.dz\/index.php\/wp-json\/wp\/v2\/media?parent=90"}],"curies":[{"name":"wp","href":"https:\/\/api.w.org\/{rel}","templated":true}]}}